{"id":101,"date":"2025-03-25T14:45:30","date_gmt":"2025-03-25T13:45:30","guid":{"rendered":"http:\/\/tfpwkzx.cluster100.hosting.ovh.net\/?page_id=101"},"modified":"2025-03-25T15:16:10","modified_gmt":"2025-03-25T14:16:10","slug":"101-2","status":"publish","type":"page","link":"http:\/\/tfpwkzx.cluster100.hosting.ovh.net\/index.php\/101-2\/","title":{"rendered":"w tym miejscu narodzi si\u0119 kamie\u0144"},"content":{"rendered":"\n<figure class=\"wp-block-image size-large\"><img loading=\"lazy\" decoding=\"async\" width=\"1024\" height=\"704\" src=\"http:\/\/tfpwkzx.cluster100.hosting.ovh.net\/wp-content\/uploads\/2025\/03\/Katarzyna_Bogusz_W_tym_miejscu_narodzi_sie_kamien_2022_2-1-1024x704.jpg\" alt=\"\" class=\"wp-image-102\" srcset=\"http:\/\/tfpwkzx.cluster100.hosting.ovh.net\/wp-content\/uploads\/2025\/03\/Katarzyna_Bogusz_W_tym_miejscu_narodzi_sie_kamien_2022_2-1-1024x704.jpg 1024w, http:\/\/tfpwkzx.cluster100.hosting.ovh.net\/wp-content\/uploads\/2025\/03\/Katarzyna_Bogusz_W_tym_miejscu_narodzi_sie_kamien_2022_2-1-300x206.jpg 300w, http:\/\/tfpwkzx.cluster100.hosting.ovh.net\/wp-content\/uploads\/2025\/03\/Katarzyna_Bogusz_W_tym_miejscu_narodzi_sie_kamien_2022_2-1-768x528.jpg 768w, http:\/\/tfpwkzx.cluster100.hosting.ovh.net\/wp-content\/uploads\/2025\/03\/Katarzyna_Bogusz_W_tym_miejscu_narodzi_sie_kamien_2022_2-1-1536x1056.jpg 1536w, http:\/\/tfpwkzx.cluster100.hosting.ovh.net\/wp-content\/uploads\/2025\/03\/Katarzyna_Bogusz_W_tym_miejscu_narodzi_sie_kamien_2022_2-1.jpg 1772w\" sizes=\"auto, (max-width: 706px) 89vw, (max-width: 767px) 82vw, 740px\" \/><\/figure>\n\n\n\n<figure class=\"wp-block-image size-large\"><img loading=\"lazy\" decoding=\"async\" width=\"1024\" height=\"717\" src=\"http:\/\/tfpwkzx.cluster100.hosting.ovh.net\/wp-content\/uploads\/2025\/03\/Katarzyna_Bogusz_W_tym_miejscu_narodzi_sie_kamien_2022_1-1-1024x717.jpg\" alt=\"\" class=\"wp-image-103\" srcset=\"http:\/\/tfpwkzx.cluster100.hosting.ovh.net\/wp-content\/uploads\/2025\/03\/Katarzyna_Bogusz_W_tym_miejscu_narodzi_sie_kamien_2022_1-1-1024x717.jpg 1024w, http:\/\/tfpwkzx.cluster100.hosting.ovh.net\/wp-content\/uploads\/2025\/03\/Katarzyna_Bogusz_W_tym_miejscu_narodzi_sie_kamien_2022_1-1-300x210.jpg 300w, http:\/\/tfpwkzx.cluster100.hosting.ovh.net\/wp-content\/uploads\/2025\/03\/Katarzyna_Bogusz_W_tym_miejscu_narodzi_sie_kamien_2022_1-1-768x537.jpg 768w, http:\/\/tfpwkzx.cluster100.hosting.ovh.net\/wp-content\/uploads\/2025\/03\/Katarzyna_Bogusz_W_tym_miejscu_narodzi_sie_kamien_2022_1-1-1536x1075.jpg 1536w, http:\/\/tfpwkzx.cluster100.hosting.ovh.net\/wp-content\/uploads\/2025\/03\/Katarzyna_Bogusz_W_tym_miejscu_narodzi_sie_kamien_2022_1-1.jpg 1772w\" sizes=\"auto, (max-width: 706px) 89vw, (max-width: 767px) 82vw, 740px\" \/><\/figure>\n\n\n\n<p><\/p>\n\n\n\n<p>Sadz\u0119 kawa\u0142ek nieba, by mog\u0142o na nowo oddzieli\u0107 si\u0119 od ciemno\u015bci. Wydanie energii, nagromadzonej w mi\u0119\u015bniach zasila pocz\u0105tek. Gdzie\u015b w tle, taniec budzi ziemi\u0119.<\/p>\n\n\n\n<p>Skorupa znaczenia, ubrana we w\u0142asny ci\u0119\u017car. Bycie kamieniem, to tak samo trudne i proste zadnie, jak bycie cz\u0142owiekiem. Badam granice struktury. Czuje jego kszta\u0142t. Zimno przep\u0142ywa do mojej d\u0142oni. Kiedy skupiam si\u0119 na ci\u0119\u017carze \u2013 na wadze tego ma\u0142ego kamyka \u2013 staje si\u0119 ci\u0119\u017cszy ni\u017c na pocz\u0105tku. Wszystko si\u0119 rozp\u0142ywa w odr\u0119twieniu. Pod paznokciami chowam brud.<\/p>\n\n\n\n<p>Zastygam przez kamie\u0144, kt\u00f3rego nie potrafi\u0119 pu\u015bci\u0107. Kryj\u0119 go przed \u015bwiatem mi\u0119kk\u0105 materi\u0105 cia\u0142a. I chocia\u017c s\u0105 w nim szczeliny to wiem, \u017ce jeszcze nie czas, by sta\u0142 si\u0119 py\u0142em. Kamie\u0144 odciska \u015blad. Jestem matryc\u0105 dla form narastania czasu. Gdy przyjdzie potop \u2013 uton\u0119, lecz opr\u0119 si\u0119 mocy fal.<\/p>\n\n\n\n<p>Ziemia rodzi kamienie. Jeszcze raz przymus widzialno\u015bci rozwiera pow\u0142oki gruntu. Wypiera materi\u0119 na zewn\u0105trz. Na powierzchni za\u015bwiadcza o istnieniu, walczy o odr\u0119bno\u015b\u0107 bycia mo\u017cliwym. Zostaje krater, dzie\u017ca ziemi. <\/p>\n\n\n\n<p><em>W tym miejscu narodzi si\u0119 kamie\u0144<\/em>, performance w czasie, krzemie\u0144 z mandali <em>Ugi\u0119cie b\u0142\u0119kitu<\/em>, Park Stanis\u0142awa To\u0142py, O\u0142bin, Wroc\u0142aw 2022<\/p>\n\n\n\n<p><\/p>\n","protected":false},"excerpt":{"rendered":"<p>Sadz\u0119 kawa\u0142ek nieba, by mog\u0142o na nowo oddzieli\u0107 si\u0119 od ciemno\u015bci. Wydanie energii, nagromadzonej w mi\u0119\u015bniach zasila pocz\u0105tek. Gdzie\u015b w tle, taniec budzi ziemi\u0119. Skorupa znaczenia, ubrana we w\u0142asny ci\u0119\u017car. Bycie kamieniem, to tak samo trudne i proste zadnie, jak bycie cz\u0142owiekiem. Badam granice struktury. Czuje jego kszta\u0142t. Zimno przep\u0142ywa do mojej d\u0142oni. Kiedy skupiam &hellip; <\/p>\n<p class=\"link-more\"><a href=\"http:\/\/tfpwkzx.cluster100.hosting.ovh.net\/index.php\/101-2\/\" class=\"more-link\">Czytaj dalej<span class=\"screen-reader-text\"> \u201ew tym miejscu narodzi si\u0119 kamie\u0144\u201d<\/span><\/a><\/p>\n","protected":false},"author":1,"featured_media":0,"parent":0,"menu_order":0,"comment_status":"closed","ping_status":"closed","template":"","meta":{"footnotes":""},"class_list":["post-101","page","type-page","status-publish","hentry"],"_links":{"self":[{"href":"http:\/\/tfpwkzx.cluster100.hosting.ovh.net\/index.php\/wp-json\/wp\/v2\/pages\/101","targetHints":{"allow":["GET"]}}],"collection":[{"href":"http:\/\/tfpwkzx.cluster100.hosting.ovh.net\/index.php\/wp-json\/wp\/v2\/pages"}],"about":[{"href":"http:\/\/tfpwkzx.cluster100.hosting.ovh.net\/index.php\/wp-json\/wp\/v2\/types\/page"}],"author":[{"embeddable":true,"href":"http:\/\/tfpwkzx.cluster100.hosting.ovh.net\/index.php\/wp-json\/wp\/v2\/users\/1"}],"replies":[{"embeddable":true,"href":"http:\/\/tfpwkzx.cluster100.hosting.ovh.net\/index.php\/wp-json\/wp\/v2\/comments?post=101"}],"version-history":[{"count":2,"href":"http:\/\/tfpwkzx.cluster100.hosting.ovh.net\/index.php\/wp-json\/wp\/v2\/pages\/101\/revisions"}],"predecessor-version":[{"id":143,"href":"http:\/\/tfpwkzx.cluster100.hosting.ovh.net\/index.php\/wp-json\/wp\/v2\/pages\/101\/revisions\/143"}],"wp:attachment":[{"href":"http:\/\/tfpwkzx.cluster100.hosting.ovh.net\/index.php\/wp-json\/wp\/v2\/media?parent=101"}],"curies":[{"name":"wp","href":"https:\/\/api.w.org\/{rel}","templated":true}]}}