{"id":124,"date":"2025-03-25T15:03:07","date_gmt":"2025-03-25T14:03:07","guid":{"rendered":"http:\/\/tfpwkzx.cluster100.hosting.ovh.net\/?page_id=124"},"modified":"2025-03-25T15:03:07","modified_gmt":"2025-03-25T14:03:07","slug":"ciemna-strona-perly","status":"publish","type":"page","link":"http:\/\/tfpwkzx.cluster100.hosting.ovh.net\/index.php\/ciemna-strona-perly\/","title":{"rendered":"ciemna strona per\u0142y"},"content":{"rendered":"\n<figure class=\"wp-block-image size-large\"><img loading=\"lazy\" decoding=\"async\" width=\"682\" height=\"1024\" src=\"http:\/\/tfpwkzx.cluster100.hosting.ovh.net\/wp-content\/uploads\/2025\/03\/Katarzyna_Bogusz_Ciemna_strona_perly_2022_1-1-682x1024.jpg\" alt=\"\" class=\"wp-image-125\" srcset=\"http:\/\/tfpwkzx.cluster100.hosting.ovh.net\/wp-content\/uploads\/2025\/03\/Katarzyna_Bogusz_Ciemna_strona_perly_2022_1-1-682x1024.jpg 682w, http:\/\/tfpwkzx.cluster100.hosting.ovh.net\/wp-content\/uploads\/2025\/03\/Katarzyna_Bogusz_Ciemna_strona_perly_2022_1-1-200x300.jpg 200w, http:\/\/tfpwkzx.cluster100.hosting.ovh.net\/wp-content\/uploads\/2025\/03\/Katarzyna_Bogusz_Ciemna_strona_perly_2022_1-1-768x1152.jpg 768w, http:\/\/tfpwkzx.cluster100.hosting.ovh.net\/wp-content\/uploads\/2025\/03\/Katarzyna_Bogusz_Ciemna_strona_perly_2022_1-1-1024x1536.jpg 1024w, http:\/\/tfpwkzx.cluster100.hosting.ovh.net\/wp-content\/uploads\/2025\/03\/Katarzyna_Bogusz_Ciemna_strona_perly_2022_1-1-1365x2048.jpg 1365w, http:\/\/tfpwkzx.cluster100.hosting.ovh.net\/wp-content\/uploads\/2025\/03\/Katarzyna_Bogusz_Ciemna_strona_perly_2022_1-1.jpg 1574w\" sizes=\"auto, (max-width: 682px) 100vw, 682px\" \/><\/figure>\n\n\n\n<figure class=\"wp-block-image size-large\"><img loading=\"lazy\" decoding=\"async\" width=\"682\" height=\"1024\" src=\"http:\/\/tfpwkzx.cluster100.hosting.ovh.net\/wp-content\/uploads\/2025\/03\/Katarzyna_Bogusz_Ciemna_strona_perly_2022_2-1-682x1024.jpg\" alt=\"\" class=\"wp-image-126\" srcset=\"http:\/\/tfpwkzx.cluster100.hosting.ovh.net\/wp-content\/uploads\/2025\/03\/Katarzyna_Bogusz_Ciemna_strona_perly_2022_2-1-682x1024.jpg 682w, http:\/\/tfpwkzx.cluster100.hosting.ovh.net\/wp-content\/uploads\/2025\/03\/Katarzyna_Bogusz_Ciemna_strona_perly_2022_2-1-200x300.jpg 200w, http:\/\/tfpwkzx.cluster100.hosting.ovh.net\/wp-content\/uploads\/2025\/03\/Katarzyna_Bogusz_Ciemna_strona_perly_2022_2-1-768x1152.jpg 768w, http:\/\/tfpwkzx.cluster100.hosting.ovh.net\/wp-content\/uploads\/2025\/03\/Katarzyna_Bogusz_Ciemna_strona_perly_2022_2-1-1024x1536.jpg 1024w, http:\/\/tfpwkzx.cluster100.hosting.ovh.net\/wp-content\/uploads\/2025\/03\/Katarzyna_Bogusz_Ciemna_strona_perly_2022_2-1-1365x2048.jpg 1365w, http:\/\/tfpwkzx.cluster100.hosting.ovh.net\/wp-content\/uploads\/2025\/03\/Katarzyna_Bogusz_Ciemna_strona_perly_2022_2-1.jpg 1574w\" sizes=\"auto, (max-width: 682px) 100vw, 682px\" \/><\/figure>\n\n\n\n<figure class=\"wp-block-image size-large\"><img loading=\"lazy\" decoding=\"async\" width=\"682\" height=\"1024\" src=\"http:\/\/tfpwkzx.cluster100.hosting.ovh.net\/wp-content\/uploads\/2025\/03\/Katarzyna_Bogusz_Ciemna_strona_perly_2022_3-1-682x1024.jpg\" alt=\"\" class=\"wp-image-127\" srcset=\"http:\/\/tfpwkzx.cluster100.hosting.ovh.net\/wp-content\/uploads\/2025\/03\/Katarzyna_Bogusz_Ciemna_strona_perly_2022_3-1-682x1024.jpg 682w, http:\/\/tfpwkzx.cluster100.hosting.ovh.net\/wp-content\/uploads\/2025\/03\/Katarzyna_Bogusz_Ciemna_strona_perly_2022_3-1-200x300.jpg 200w, http:\/\/tfpwkzx.cluster100.hosting.ovh.net\/wp-content\/uploads\/2025\/03\/Katarzyna_Bogusz_Ciemna_strona_perly_2022_3-1-768x1152.jpg 768w, http:\/\/tfpwkzx.cluster100.hosting.ovh.net\/wp-content\/uploads\/2025\/03\/Katarzyna_Bogusz_Ciemna_strona_perly_2022_3-1-1024x1536.jpg 1024w, http:\/\/tfpwkzx.cluster100.hosting.ovh.net\/wp-content\/uploads\/2025\/03\/Katarzyna_Bogusz_Ciemna_strona_perly_2022_3-1-1365x2048.jpg 1365w, http:\/\/tfpwkzx.cluster100.hosting.ovh.net\/wp-content\/uploads\/2025\/03\/Katarzyna_Bogusz_Ciemna_strona_perly_2022_3-1.jpg 1574w\" sizes=\"auto, (max-width: 682px) 100vw, 682px\" \/><\/figure>\n\n\n\n<p>Rozpuszczenie per\u0142y w occie, staje si\u0119 powrotem do rdzenia, rozpadem narastaj\u0105cej przez lata os\u0142ony iluzji, kt\u00f3ra chroni przed ostrymi kraw\u0119dziami ziarenka piasku, by m\u00f3c zobaczy\u0107 to, co stanowi pocz\u0105tek. Ten zwrot ku najmniejszej cz\u0105stce, jest jednocze\u015bnie zatrzymaniem czasu i pretekstem do przyjrzenia si\u0119 jego podstawowej jednostce, symbolizowanej przez wahad\u0142o sekundzie. Jest te\u017c poszukiwaniem punktu r\u00f3wnowagi i spoczynku. Pod\u0105\u017caj\u0105c spojrzeniem ku g\u00f3rze, przechodzimy przez coraz mniejsze wychylenia, a\u017c do wyga\u015bni\u0119cia ruchu, nie przez wstrzyman\u0105 potencjalno\u015b\u0107, ale dotarcie do trzonu jego drgnienia.<\/p>\n\n\n\n<p>Per\u0142a, w kt\u00f3rej odbija si\u0119 otaczaj\u0105cy j\u0105 \u015bwiat, jest w kulturze Azji rozumiana jako ziarenko piasku zap\u0142odnione po\u015bwiat\u0105 ksi\u0119\u017cyca. I chocia\u017c b\u0142yszczy, jej \u015bwiat\u0142o jest tylko odbiciem. Jak ubicie mas\u0142a z praoceanu mleka, \u0142\u0105czy si\u0119 z energi\u0105 seksualn\u0105 pocz\u0105tku i stanowi pokarm zmys\u0142\u00f3w, tak per\u0142a w tym przypadku, powraca do macierzy kielicha, by zatrzyma\u0107 wszelk\u0105 przyczyn\u0119.<\/p>\n\n\n\n<p><em>Ciemna strona per\u0142y<\/em>, kielich zalany octem, per\u0142a, mosi\u0119\u017cne wahad\u0142o, fotografia z procesu topienia mas\u0142a z <em>entasis<\/em>\u00a0120cm x 80cm, Festiwal Formy, Galeria Sala Piecowa, Rawicz 2022<\/p>\n\n\n\n<p><\/p>\n","protected":false},"excerpt":{"rendered":"<p>Rozpuszczenie per\u0142y w occie, staje si\u0119 powrotem do rdzenia, rozpadem narastaj\u0105cej przez lata os\u0142ony iluzji, kt\u00f3ra chroni przed ostrymi kraw\u0119dziami ziarenka piasku, by m\u00f3c zobaczy\u0107 to, co stanowi pocz\u0105tek. Ten zwrot ku najmniejszej cz\u0105stce, jest jednocze\u015bnie zatrzymaniem czasu i pretekstem do przyjrzenia si\u0119 jego podstawowej jednostce, symbolizowanej przez wahad\u0142o sekundzie. Jest te\u017c poszukiwaniem punktu r\u00f3wnowagi &hellip; <\/p>\n<p class=\"link-more\"><a href=\"http:\/\/tfpwkzx.cluster100.hosting.ovh.net\/index.php\/ciemna-strona-perly\/\" class=\"more-link\">Czytaj dalej<span class=\"screen-reader-text\"> \u201eciemna strona per\u0142y\u201d<\/span><\/a><\/p>\n","protected":false},"author":1,"featured_media":0,"parent":0,"menu_order":0,"comment_status":"closed","ping_status":"closed","template":"","meta":{"footnotes":""},"class_list":["post-124","page","type-page","status-publish","hentry"],"_links":{"self":[{"href":"http:\/\/tfpwkzx.cluster100.hosting.ovh.net\/index.php\/wp-json\/wp\/v2\/pages\/124","targetHints":{"allow":["GET"]}}],"collection":[{"href":"http:\/\/tfpwkzx.cluster100.hosting.ovh.net\/index.php\/wp-json\/wp\/v2\/pages"}],"about":[{"href":"http:\/\/tfpwkzx.cluster100.hosting.ovh.net\/index.php\/wp-json\/wp\/v2\/types\/page"}],"author":[{"embeddable":true,"href":"http:\/\/tfpwkzx.cluster100.hosting.ovh.net\/index.php\/wp-json\/wp\/v2\/users\/1"}],"replies":[{"embeddable":true,"href":"http:\/\/tfpwkzx.cluster100.hosting.ovh.net\/index.php\/wp-json\/wp\/v2\/comments?post=124"}],"version-history":[{"count":1,"href":"http:\/\/tfpwkzx.cluster100.hosting.ovh.net\/index.php\/wp-json\/wp\/v2\/pages\/124\/revisions"}],"predecessor-version":[{"id":129,"href":"http:\/\/tfpwkzx.cluster100.hosting.ovh.net\/index.php\/wp-json\/wp\/v2\/pages\/124\/revisions\/129"}],"wp:attachment":[{"href":"http:\/\/tfpwkzx.cluster100.hosting.ovh.net\/index.php\/wp-json\/wp\/v2\/media?parent=124"}],"curies":[{"name":"wp","href":"https:\/\/api.w.org\/{rel}","templated":true}]}}