{"id":169,"date":"2025-03-25T15:37:18","date_gmt":"2025-03-25T14:37:18","guid":{"rendered":"http:\/\/tfpwkzx.cluster100.hosting.ovh.net\/?page_id=169"},"modified":"2025-03-25T15:37:18","modified_gmt":"2025-03-25T14:37:18","slug":"punto-stabile","status":"publish","type":"page","link":"http:\/\/tfpwkzx.cluster100.hosting.ovh.net\/index.php\/punto-stabile\/","title":{"rendered":"punto stabile"},"content":{"rendered":"\n<figure class=\"wp-block-image size-large\"><img loading=\"lazy\" decoding=\"async\" width=\"1024\" height=\"680\" src=\"http:\/\/tfpwkzx.cluster100.hosting.ovh.net\/wp-content\/uploads\/2025\/03\/Katarzyna_Bogusz_Punto_stabile_2023_1-1024x680.jpg\" alt=\"\" class=\"wp-image-170\" srcset=\"http:\/\/tfpwkzx.cluster100.hosting.ovh.net\/wp-content\/uploads\/2025\/03\/Katarzyna_Bogusz_Punto_stabile_2023_1-1024x680.jpg 1024w, http:\/\/tfpwkzx.cluster100.hosting.ovh.net\/wp-content\/uploads\/2025\/03\/Katarzyna_Bogusz_Punto_stabile_2023_1-300x199.jpg 300w, http:\/\/tfpwkzx.cluster100.hosting.ovh.net\/wp-content\/uploads\/2025\/03\/Katarzyna_Bogusz_Punto_stabile_2023_1-768x510.jpg 768w, http:\/\/tfpwkzx.cluster100.hosting.ovh.net\/wp-content\/uploads\/2025\/03\/Katarzyna_Bogusz_Punto_stabile_2023_1-1536x1020.jpg 1536w, http:\/\/tfpwkzx.cluster100.hosting.ovh.net\/wp-content\/uploads\/2025\/03\/Katarzyna_Bogusz_Punto_stabile_2023_1.jpg 1778w\" sizes=\"auto, (max-width: 706px) 89vw, (max-width: 767px) 82vw, 740px\" \/><\/figure>\n\n\n\n<figure class=\"wp-block-image size-large\"><img loading=\"lazy\" decoding=\"async\" width=\"1024\" height=\"680\" src=\"http:\/\/tfpwkzx.cluster100.hosting.ovh.net\/wp-content\/uploads\/2025\/03\/Katarzyna_Bogusz_Punto_stabile_2023_2-1024x680.jpg\" alt=\"\" class=\"wp-image-171\" srcset=\"http:\/\/tfpwkzx.cluster100.hosting.ovh.net\/wp-content\/uploads\/2025\/03\/Katarzyna_Bogusz_Punto_stabile_2023_2-1024x680.jpg 1024w, http:\/\/tfpwkzx.cluster100.hosting.ovh.net\/wp-content\/uploads\/2025\/03\/Katarzyna_Bogusz_Punto_stabile_2023_2-300x199.jpg 300w, http:\/\/tfpwkzx.cluster100.hosting.ovh.net\/wp-content\/uploads\/2025\/03\/Katarzyna_Bogusz_Punto_stabile_2023_2-768x510.jpg 768w, http:\/\/tfpwkzx.cluster100.hosting.ovh.net\/wp-content\/uploads\/2025\/03\/Katarzyna_Bogusz_Punto_stabile_2023_2-1536x1020.jpg 1536w, http:\/\/tfpwkzx.cluster100.hosting.ovh.net\/wp-content\/uploads\/2025\/03\/Katarzyna_Bogusz_Punto_stabile_2023_2.jpg 1778w\" sizes=\"auto, (max-width: 706px) 89vw, (max-width: 767px) 82vw, 740px\" \/><figcaption class=\"wp-element-caption\"><em>p\u0142yty cementowe, szeroko\u015b\u0107 170cm, meteoryt \u017celazny popi\u00f3\u0142<\/em><\/figcaption><\/figure>\n\n\n\n<figure class=\"wp-block-image size-large\"><img loading=\"lazy\" decoding=\"async\" width=\"1024\" height=\"680\" src=\"http:\/\/tfpwkzx.cluster100.hosting.ovh.net\/wp-content\/uploads\/2025\/03\/Katarzyna_Bogusz_Punto_stabile_2023_3-1024x680.jpg\" alt=\"\" class=\"wp-image-172\" srcset=\"http:\/\/tfpwkzx.cluster100.hosting.ovh.net\/wp-content\/uploads\/2025\/03\/Katarzyna_Bogusz_Punto_stabile_2023_3-1024x680.jpg 1024w, http:\/\/tfpwkzx.cluster100.hosting.ovh.net\/wp-content\/uploads\/2025\/03\/Katarzyna_Bogusz_Punto_stabile_2023_3-300x199.jpg 300w, http:\/\/tfpwkzx.cluster100.hosting.ovh.net\/wp-content\/uploads\/2025\/03\/Katarzyna_Bogusz_Punto_stabile_2023_3-768x510.jpg 768w, http:\/\/tfpwkzx.cluster100.hosting.ovh.net\/wp-content\/uploads\/2025\/03\/Katarzyna_Bogusz_Punto_stabile_2023_3-1536x1020.jpg 1536w, http:\/\/tfpwkzx.cluster100.hosting.ovh.net\/wp-content\/uploads\/2025\/03\/Katarzyna_Bogusz_Punto_stabile_2023_3.jpg 1778w\" sizes=\"auto, (max-width: 706px) 89vw, (max-width: 767px) 82vw, 740px\" \/><figcaption class=\"wp-element-caption\"><em>szk\u0142o 40cm x 40cm x 3cm, py\u0142 ceglany<\/em><\/figcaption><\/figure>\n\n\n\n<figure class=\"wp-block-image size-large\"><img loading=\"lazy\" decoding=\"async\" width=\"680\" height=\"1024\" src=\"http:\/\/tfpwkzx.cluster100.hosting.ovh.net\/wp-content\/uploads\/2025\/03\/Katarzyna_Bogusz_Punto_stabile_2023_4-680x1024.jpg\" alt=\"\" class=\"wp-image-173\" srcset=\"http:\/\/tfpwkzx.cluster100.hosting.ovh.net\/wp-content\/uploads\/2025\/03\/Katarzyna_Bogusz_Punto_stabile_2023_4-680x1024.jpg 680w, http:\/\/tfpwkzx.cluster100.hosting.ovh.net\/wp-content\/uploads\/2025\/03\/Katarzyna_Bogusz_Punto_stabile_2023_4-199x300.jpg 199w, http:\/\/tfpwkzx.cluster100.hosting.ovh.net\/wp-content\/uploads\/2025\/03\/Katarzyna_Bogusz_Punto_stabile_2023_4-768x1156.jpg 768w, http:\/\/tfpwkzx.cluster100.hosting.ovh.net\/wp-content\/uploads\/2025\/03\/Katarzyna_Bogusz_Punto_stabile_2023_4-1020x1536.jpg 1020w, http:\/\/tfpwkzx.cluster100.hosting.ovh.net\/wp-content\/uploads\/2025\/03\/Katarzyna_Bogusz_Punto_stabile_2023_4.jpg 1181w\" sizes=\"auto, (max-width: 680px) 100vw, 680px\" \/><figcaption class=\"wp-element-caption\"><em>szk\u0142o, 13cm x 65cm x 3cm, py\u0142 gipsowy<\/em><\/figcaption><\/figure>\n\n\n\n<figure class=\"wp-block-image size-large\"><img loading=\"lazy\" decoding=\"async\" width=\"1024\" height=\"680\" src=\"http:\/\/tfpwkzx.cluster100.hosting.ovh.net\/wp-content\/uploads\/2025\/03\/Katarzyna_Bogusz_Punto_stabile_2023_5-1024x680.jpg\" alt=\"\" class=\"wp-image-174\" srcset=\"http:\/\/tfpwkzx.cluster100.hosting.ovh.net\/wp-content\/uploads\/2025\/03\/Katarzyna_Bogusz_Punto_stabile_2023_5-1024x680.jpg 1024w, http:\/\/tfpwkzx.cluster100.hosting.ovh.net\/wp-content\/uploads\/2025\/03\/Katarzyna_Bogusz_Punto_stabile_2023_5-300x199.jpg 300w, http:\/\/tfpwkzx.cluster100.hosting.ovh.net\/wp-content\/uploads\/2025\/03\/Katarzyna_Bogusz_Punto_stabile_2023_5-768x510.jpg 768w, http:\/\/tfpwkzx.cluster100.hosting.ovh.net\/wp-content\/uploads\/2025\/03\/Katarzyna_Bogusz_Punto_stabile_2023_5-1536x1020.jpg 1536w, http:\/\/tfpwkzx.cluster100.hosting.ovh.net\/wp-content\/uploads\/2025\/03\/Katarzyna_Bogusz_Punto_stabile_2023_5.jpg 1778w\" sizes=\"auto, (max-width: 706px) 89vw, (max-width: 767px) 82vw, 740px\" \/><figcaption class=\"wp-element-caption\"><em>lewar 100cm, ziarenko s\u0142onecznika, odbitka 21cm x 30cm, dziury po gwo\u017adziach w u\u0142o\u017ceniu konstelacji Plejad, gw\u00f3\u017ad\u017a<\/em><\/figcaption><\/figure>\n\n\n\n<figure class=\"wp-block-image size-large\"><img loading=\"lazy\" decoding=\"async\" width=\"680\" height=\"1024\" src=\"http:\/\/tfpwkzx.cluster100.hosting.ovh.net\/wp-content\/uploads\/2025\/03\/Katarzyna_Bogusz_Punto_stabile_2023_6-680x1024.jpg\" alt=\"\" class=\"wp-image-175\" srcset=\"http:\/\/tfpwkzx.cluster100.hosting.ovh.net\/wp-content\/uploads\/2025\/03\/Katarzyna_Bogusz_Punto_stabile_2023_6-680x1024.jpg 680w, http:\/\/tfpwkzx.cluster100.hosting.ovh.net\/wp-content\/uploads\/2025\/03\/Katarzyna_Bogusz_Punto_stabile_2023_6-199x300.jpg 199w, http:\/\/tfpwkzx.cluster100.hosting.ovh.net\/wp-content\/uploads\/2025\/03\/Katarzyna_Bogusz_Punto_stabile_2023_6-768x1156.jpg 768w, http:\/\/tfpwkzx.cluster100.hosting.ovh.net\/wp-content\/uploads\/2025\/03\/Katarzyna_Bogusz_Punto_stabile_2023_6-1020x1536.jpg 1020w, http:\/\/tfpwkzx.cluster100.hosting.ovh.net\/wp-content\/uploads\/2025\/03\/Katarzyna_Bogusz_Punto_stabile_2023_6.jpg 1181w\" sizes=\"auto, (max-width: 680px) 100vw, 680px\" \/><\/figure>\n\n\n\n<figure class=\"wp-block-image size-large\"><img loading=\"lazy\" decoding=\"async\" width=\"680\" height=\"1024\" src=\"http:\/\/tfpwkzx.cluster100.hosting.ovh.net\/wp-content\/uploads\/2025\/03\/Katarzyna_Bogusz_Punto_stabile_2023_7-680x1024.jpg\" alt=\"\" class=\"wp-image-176\" srcset=\"http:\/\/tfpwkzx.cluster100.hosting.ovh.net\/wp-content\/uploads\/2025\/03\/Katarzyna_Bogusz_Punto_stabile_2023_7-680x1024.jpg 680w, http:\/\/tfpwkzx.cluster100.hosting.ovh.net\/wp-content\/uploads\/2025\/03\/Katarzyna_Bogusz_Punto_stabile_2023_7-199x300.jpg 199w, http:\/\/tfpwkzx.cluster100.hosting.ovh.net\/wp-content\/uploads\/2025\/03\/Katarzyna_Bogusz_Punto_stabile_2023_7-768x1156.jpg 768w, http:\/\/tfpwkzx.cluster100.hosting.ovh.net\/wp-content\/uploads\/2025\/03\/Katarzyna_Bogusz_Punto_stabile_2023_7-1020x1536.jpg 1020w, http:\/\/tfpwkzx.cluster100.hosting.ovh.net\/wp-content\/uploads\/2025\/03\/Katarzyna_Bogusz_Punto_stabile_2023_7.jpg 1181w\" sizes=\"auto, (max-width: 680px) 100vw, 680px\" \/><figcaption class=\"wp-element-caption\"><em>dzia\u0142anie site specific, odkrywka warstw farby, odbitka 20cm x 200cm<\/em><\/figcaption><\/figure>\n\n\n\n<figure class=\"wp-block-image size-large\"><img loading=\"lazy\" decoding=\"async\" width=\"680\" height=\"1024\" src=\"http:\/\/tfpwkzx.cluster100.hosting.ovh.net\/wp-content\/uploads\/2025\/03\/Katarzyna_Bogusz_Punto_stabile_2023_8-680x1024.jpg\" alt=\"\" class=\"wp-image-177\" srcset=\"http:\/\/tfpwkzx.cluster100.hosting.ovh.net\/wp-content\/uploads\/2025\/03\/Katarzyna_Bogusz_Punto_stabile_2023_8-680x1024.jpg 680w, http:\/\/tfpwkzx.cluster100.hosting.ovh.net\/wp-content\/uploads\/2025\/03\/Katarzyna_Bogusz_Punto_stabile_2023_8-199x300.jpg 199w, http:\/\/tfpwkzx.cluster100.hosting.ovh.net\/wp-content\/uploads\/2025\/03\/Katarzyna_Bogusz_Punto_stabile_2023_8-768x1156.jpg 768w, http:\/\/tfpwkzx.cluster100.hosting.ovh.net\/wp-content\/uploads\/2025\/03\/Katarzyna_Bogusz_Punto_stabile_2023_8-1020x1536.jpg 1020w, http:\/\/tfpwkzx.cluster100.hosting.ovh.net\/wp-content\/uploads\/2025\/03\/Katarzyna_Bogusz_Punto_stabile_2023_8.jpg 1181w\" sizes=\"auto, (max-width: 680px) 100vw, 680px\" \/><\/figure>\n\n\n\n<p><\/p>\n\n\n\n<p>Najstabilniejsze jest to, co upad\u0142o. Rzeczy ci\u0105\u017c\u0105 w kierunku swojego wn\u0119trza. Staj\u0105 si\u0119 coraz bardziej g\u0119ste, osi\u0105gaj\u0105c najwy\u017cszy stan zespolenia materii, nieprzepuszczalny, niewzruszony. \u015awiat\u0142o, kt\u00f3re z nat\u0119\u017cenia zapada si\u0119 w siebie, przekracza przeciwie\u0144stwa nie powoduj\u0105c d\u0142u\u017cej obrazu. Wygasza je we wn\u0119trzu oka.<\/p>\n\n\n\n<p>Z\u0142udzenie, nie pozwala zobaczy\u0107 samego siebie.&nbsp;<em>Punto stabile<\/em>&nbsp;termin zaczerpni\u0119ty z barokowego&nbsp;<em>trompe l\u2019oeil<\/em>,staje si\u0119 w tym uj\u0119ciu miejscem w\u0142a\u015bciwej perspektywy do patrzenia na, i przez iluzj\u0119. Rozpuszcza obrazy, kt\u00f3re staj\u0105 si\u0119 czyste, nieuwarunkowane.<\/p>\n\n\n\n<p>Obraz, to uk\u0142ad si\u0142. Patrz\u0105c w niebo, obserwuje struktury oddzia\u0142ywania. Nak\u0142adamy na gwiazdy form\u0119 konstelacji. S\u0105 plejadami, siostrami lub z\u0142otym sitem. Czasami jednak s\u0105 tylko punktami po gwo\u017adziach, na kt\u00f3rych chcemy zawiesi\u0107 swoje wyobra\u017cenie. Mechanika nieba, zak\u0142ada jednak obszar rezonansu. Ujawnia si\u0119 on w momencie, gdy si\u0142y przecinaj\u0105 si\u0119 w taki spos\u00f3b, \u017ce jedna z nich, dzieli si\u0119 przez zero \u2013 pustk\u0119. Wynik tego dzia\u0142ania jest nieokre\u015blony. Je\u015bli obiekt, znajdzie si\u0119 w rezonansie, jego reakcja nie b\u0119dzie podlega\u0142a d\u0142u\u017cej prawom przyczyny i skutku \u2013 stanie si\u0119 wolny.<\/p>\n\n\n\n<p>Spadaj\u0105ca gwiazda, najmniej jasna z Plejad, kt\u00f3ra wybra\u0142a stabilne \u017cycie na ziemi, staje si\u0119 dla mnie symbolem wyzwolenia z zawieszenia w widzialno\u015bci. By\u0107 mo\u017ce czasami wystarczy jedno ziarenko, by podnie\u015b\u0107 ca\u0142e niebo.<\/p>\n\n\n\n<p>Krater i obecny w \u015brodku meteoryt \u017celazny, odwo\u0142uje si\u0119 tak\u017ce do tradycji betyli \u2013 \u015bwi\u0119tych kamieni z nieba, posiadaj\u0105cych w wielu kulturach istotne znaczenie duchowe. Obecne w pobli\u017cu szklane formy zosta\u0142y zaczerpni\u0119te z tworz\u0105cych si\u0119 z energii upadku \u2013 tektyt\u00f3w, naturalnego szk\u0142a \u2013 struktur paradoksalnie kruchych i transparentnych. W tym przypadku przyjmuj\u0105 form\u0119 konserwatorskich bada\u0144 stratygraficznych gdzie staj\u0105 si\u0119 negatywem warstw, kt\u00f3rych odkrywanie wychodzi w prz\u00f3d nawarstwiaj\u0105c si\u0119 i przenikaj\u0105c.<\/p>\n\n\n\n<p>Rysunek na \u015bcianie w formie japo\u0144skiej odmiany stupy&nbsp;<em>Gorint\u014d&nbsp;<\/em>staje si\u0119 ich dope\u0142nieniem \u2013 form\u0105 relikwiarza na obraz. Wszystkie fizyczne aspekty istnienia maj\u0105 to samo \u017ar\u00f3d\u0142o, przybieraj\u0105 tylko poszczeg\u00f3lne pow\u0142oki, odpowiadaj\u0105ce pi\u0119ciu \u017cywio\u0142om warstwy. To ich zdarcie powoduje ods\u0142oni\u0119cie prawdziwej struktury materialno\u015bci i uwolnienie od niej.<\/p>\n\n\n\n<p><\/p>\n\n\n\n<p><em>Punto stabile<\/em>, Galeria AT, Pozna\u0144 2023<\/p>\n\n\n\n<p><\/p>\n","protected":false},"excerpt":{"rendered":"<p>Najstabilniejsze jest to, co upad\u0142o. Rzeczy ci\u0105\u017c\u0105 w kierunku swojego wn\u0119trza. Staj\u0105 si\u0119 coraz bardziej g\u0119ste, osi\u0105gaj\u0105c najwy\u017cszy stan zespolenia materii, nieprzepuszczalny, niewzruszony. \u015awiat\u0142o, kt\u00f3re z nat\u0119\u017cenia zapada si\u0119 w siebie, przekracza przeciwie\u0144stwa nie powoduj\u0105c d\u0142u\u017cej obrazu. Wygasza je we wn\u0119trzu oka. Z\u0142udzenie, nie pozwala zobaczy\u0107 samego siebie.&nbsp;Punto stabile&nbsp;termin zaczerpni\u0119ty z barokowego&nbsp;trompe l\u2019oeil,staje si\u0119 w &hellip; <\/p>\n<p class=\"link-more\"><a href=\"http:\/\/tfpwkzx.cluster100.hosting.ovh.net\/index.php\/punto-stabile\/\" class=\"more-link\">Czytaj dalej<span class=\"screen-reader-text\"> \u201epunto stabile\u201d<\/span><\/a><\/p>\n","protected":false},"author":1,"featured_media":0,"parent":0,"menu_order":0,"comment_status":"closed","ping_status":"closed","template":"","meta":{"footnotes":""},"class_list":["post-169","page","type-page","status-publish","hentry"],"_links":{"self":[{"href":"http:\/\/tfpwkzx.cluster100.hosting.ovh.net\/index.php\/wp-json\/wp\/v2\/pages\/169","targetHints":{"allow":["GET"]}}],"collection":[{"href":"http:\/\/tfpwkzx.cluster100.hosting.ovh.net\/index.php\/wp-json\/wp\/v2\/pages"}],"about":[{"href":"http:\/\/tfpwkzx.cluster100.hosting.ovh.net\/index.php\/wp-json\/wp\/v2\/types\/page"}],"author":[{"embeddable":true,"href":"http:\/\/tfpwkzx.cluster100.hosting.ovh.net\/index.php\/wp-json\/wp\/v2\/users\/1"}],"replies":[{"embeddable":true,"href":"http:\/\/tfpwkzx.cluster100.hosting.ovh.net\/index.php\/wp-json\/wp\/v2\/comments?post=169"}],"version-history":[{"count":1,"href":"http:\/\/tfpwkzx.cluster100.hosting.ovh.net\/index.php\/wp-json\/wp\/v2\/pages\/169\/revisions"}],"predecessor-version":[{"id":179,"href":"http:\/\/tfpwkzx.cluster100.hosting.ovh.net\/index.php\/wp-json\/wp\/v2\/pages\/169\/revisions\/179"}],"wp:attachment":[{"href":"http:\/\/tfpwkzx.cluster100.hosting.ovh.net\/index.php\/wp-json\/wp\/v2\/media?parent=169"}],"curies":[{"name":"wp","href":"https:\/\/api.w.org\/{rel}","templated":true}]}}