{"id":180,"date":"2025-03-25T15:42:35","date_gmt":"2025-03-25T14:42:35","guid":{"rendered":"http:\/\/tfpwkzx.cluster100.hosting.ovh.net\/?page_id=180"},"modified":"2025-03-25T15:55:31","modified_gmt":"2025-03-25T14:55:31","slug":"quinta-essentia","status":"publish","type":"page","link":"http:\/\/tfpwkzx.cluster100.hosting.ovh.net\/index.php\/quinta-essentia\/","title":{"rendered":"quinta essentia"},"content":{"rendered":"\n<figure class=\"wp-block-image size-large\"><img loading=\"lazy\" decoding=\"async\" width=\"1024\" height=\"683\" src=\"http:\/\/tfpwkzx.cluster100.hosting.ovh.net\/wp-content\/uploads\/2025\/03\/Katarzyna_Bogusz_-Quinta_essentia_2024_fot_Alicja_Kielan_01-1-1024x683.jpg\" alt=\"\" class=\"wp-image-182\" srcset=\"http:\/\/tfpwkzx.cluster100.hosting.ovh.net\/wp-content\/uploads\/2025\/03\/Katarzyna_Bogusz_-Quinta_essentia_2024_fot_Alicja_Kielan_01-1-1024x683.jpg 1024w, http:\/\/tfpwkzx.cluster100.hosting.ovh.net\/wp-content\/uploads\/2025\/03\/Katarzyna_Bogusz_-Quinta_essentia_2024_fot_Alicja_Kielan_01-1-300x200.jpg 300w, http:\/\/tfpwkzx.cluster100.hosting.ovh.net\/wp-content\/uploads\/2025\/03\/Katarzyna_Bogusz_-Quinta_essentia_2024_fot_Alicja_Kielan_01-1-768x512.jpg 768w, http:\/\/tfpwkzx.cluster100.hosting.ovh.net\/wp-content\/uploads\/2025\/03\/Katarzyna_Bogusz_-Quinta_essentia_2024_fot_Alicja_Kielan_01-1-1536x1024.jpg 1536w, http:\/\/tfpwkzx.cluster100.hosting.ovh.net\/wp-content\/uploads\/2025\/03\/Katarzyna_Bogusz_-Quinta_essentia_2024_fot_Alicja_Kielan_01-1-2048x1366.jpg 2048w\" sizes=\"auto, (max-width: 706px) 89vw, (max-width: 767px) 82vw, 740px\" \/><figcaption class=\"wp-element-caption\"><em>Quinta essentia<\/em>, obiekt, mosi\u0105dz, OPENHEIM 2024, fot. Alicja Kielan<\/figcaption><\/figure>\n\n\n\n<figure class=\"wp-block-image size-large\"><img loading=\"lazy\" decoding=\"async\" width=\"1024\" height=\"683\" src=\"http:\/\/tfpwkzx.cluster100.hosting.ovh.net\/wp-content\/uploads\/2025\/03\/Katarzyna_Bogusz_-Quinta_essentia_2024_fot_Alicja_Kielan_02-1-1024x683.jpg\" alt=\"\" class=\"wp-image-184\" srcset=\"http:\/\/tfpwkzx.cluster100.hosting.ovh.net\/wp-content\/uploads\/2025\/03\/Katarzyna_Bogusz_-Quinta_essentia_2024_fot_Alicja_Kielan_02-1-1024x683.jpg 1024w, http:\/\/tfpwkzx.cluster100.hosting.ovh.net\/wp-content\/uploads\/2025\/03\/Katarzyna_Bogusz_-Quinta_essentia_2024_fot_Alicja_Kielan_02-1-300x200.jpg 300w, http:\/\/tfpwkzx.cluster100.hosting.ovh.net\/wp-content\/uploads\/2025\/03\/Katarzyna_Bogusz_-Quinta_essentia_2024_fot_Alicja_Kielan_02-1-768x512.jpg 768w, http:\/\/tfpwkzx.cluster100.hosting.ovh.net\/wp-content\/uploads\/2025\/03\/Katarzyna_Bogusz_-Quinta_essentia_2024_fot_Alicja_Kielan_02-1-1536x1024.jpg 1536w, http:\/\/tfpwkzx.cluster100.hosting.ovh.net\/wp-content\/uploads\/2025\/03\/Katarzyna_Bogusz_-Quinta_essentia_2024_fot_Alicja_Kielan_02-1-2048x1366.jpg 2048w\" sizes=\"auto, (max-width: 706px) 89vw, (max-width: 767px) 82vw, 740px\" \/><figcaption class=\"wp-element-caption\">fot. Alicja Kielan<\/figcaption><\/figure>\n\n\n\n<p>Kamie\u0144 o \u015bci\u0119tych bokach, znany z ryciny <em>Melancholia I<\/em> D\u00fcrera, stanowi rodzaj tytu\u0142owej&nbsp; kwintesencji \u2013 pi\u0105tej esencji, kt\u00f3ra jednoczy cztery \u017cywio\u0142y i istniej\u0105ce w nich sprzeczno\u015bci. Roz\u0142o\u017cenie zespolonej materii kamienia jest dla mnie form\u0105 doskonalenia, a ujawnienie jego wewn\u0119trznej pustki \u2013 staje si\u0119 nie\u015bmiertelnym z\u0142otem, istot\u0105 kamienia filozoficznego, w kt\u00f3rej \u015bwiadomo\u015b\u0107 zostaje wygaszona. To wyrzucenie poza czas, by przy\u015bpieszy\u0107 lub zatrzyma\u0107 jego przep\u0142yw, pozwala na nowo zobaczy\u0107 doskona\u0142o\u015b\u0107, kt\u00f3ra przemienia wszystko z czym si\u0119 zetknie. <\/p>\n\n\n\n<figure class=\"wp-block-image size-large\"><img loading=\"lazy\" decoding=\"async\" width=\"683\" height=\"1024\" src=\"http:\/\/tfpwkzx.cluster100.hosting.ovh.net\/wp-content\/uploads\/2025\/03\/Katarzyna_Bogusz_-Quinta_essentia_2024_fot_Alicja_Kielan_03-1-683x1024.jpg\" alt=\"\" class=\"wp-image-188\" srcset=\"http:\/\/tfpwkzx.cluster100.hosting.ovh.net\/wp-content\/uploads\/2025\/03\/Katarzyna_Bogusz_-Quinta_essentia_2024_fot_Alicja_Kielan_03-1-683x1024.jpg 683w, http:\/\/tfpwkzx.cluster100.hosting.ovh.net\/wp-content\/uploads\/2025\/03\/Katarzyna_Bogusz_-Quinta_essentia_2024_fot_Alicja_Kielan_03-1-200x300.jpg 200w, http:\/\/tfpwkzx.cluster100.hosting.ovh.net\/wp-content\/uploads\/2025\/03\/Katarzyna_Bogusz_-Quinta_essentia_2024_fot_Alicja_Kielan_03-1-768x1152.jpg 768w, http:\/\/tfpwkzx.cluster100.hosting.ovh.net\/wp-content\/uploads\/2025\/03\/Katarzyna_Bogusz_-Quinta_essentia_2024_fot_Alicja_Kielan_03-1-1024x1536.jpg 1024w, http:\/\/tfpwkzx.cluster100.hosting.ovh.net\/wp-content\/uploads\/2025\/03\/Katarzyna_Bogusz_-Quinta_essentia_2024_fot_Alicja_Kielan_03-1-1366x2048.jpg 1366w, http:\/\/tfpwkzx.cluster100.hosting.ovh.net\/wp-content\/uploads\/2025\/03\/Katarzyna_Bogusz_-Quinta_essentia_2024_fot_Alicja_Kielan_03-1.jpg 1575w\" sizes=\"auto, (max-width: 683px) 100vw, 683px\" \/><figcaption class=\"wp-element-caption\">fot. Alicja Kielan<\/figcaption><\/figure>\n\n\n\n<figure class=\"wp-block-image size-large\"><img loading=\"lazy\" decoding=\"async\" width=\"683\" height=\"1024\" src=\"http:\/\/tfpwkzx.cluster100.hosting.ovh.net\/wp-content\/uploads\/2025\/03\/Katarzyna_Bogusz_-Quinta_essentia_2024_fot_Alicja_Kielan_05-1-683x1024.jpg\" alt=\"\" class=\"wp-image-191\" srcset=\"http:\/\/tfpwkzx.cluster100.hosting.ovh.net\/wp-content\/uploads\/2025\/03\/Katarzyna_Bogusz_-Quinta_essentia_2024_fot_Alicja_Kielan_05-1-683x1024.jpg 683w, http:\/\/tfpwkzx.cluster100.hosting.ovh.net\/wp-content\/uploads\/2025\/03\/Katarzyna_Bogusz_-Quinta_essentia_2024_fot_Alicja_Kielan_05-1-200x300.jpg 200w, http:\/\/tfpwkzx.cluster100.hosting.ovh.net\/wp-content\/uploads\/2025\/03\/Katarzyna_Bogusz_-Quinta_essentia_2024_fot_Alicja_Kielan_05-1-768x1152.jpg 768w, http:\/\/tfpwkzx.cluster100.hosting.ovh.net\/wp-content\/uploads\/2025\/03\/Katarzyna_Bogusz_-Quinta_essentia_2024_fot_Alicja_Kielan_05-1-1024x1536.jpg 1024w, http:\/\/tfpwkzx.cluster100.hosting.ovh.net\/wp-content\/uploads\/2025\/03\/Katarzyna_Bogusz_-Quinta_essentia_2024_fot_Alicja_Kielan_05-1-1366x2048.jpg 1366w, http:\/\/tfpwkzx.cluster100.hosting.ovh.net\/wp-content\/uploads\/2025\/03\/Katarzyna_Bogusz_-Quinta_essentia_2024_fot_Alicja_Kielan_05-1.jpg 1575w\" sizes=\"auto, (max-width: 683px) 100vw, 683px\" \/><figcaption class=\"wp-element-caption\"><em>* \u2020<\/em>, instalacja, obeliski 180cm x 26cm 26cm, wosk pszczeli, fot. Alicja Kielan<\/figcaption><\/figure>\n\n\n\n<figure class=\"wp-block-image size-large\"><img loading=\"lazy\" decoding=\"async\" width=\"1024\" height=\"683\" src=\"http:\/\/tfpwkzx.cluster100.hosting.ovh.net\/wp-content\/uploads\/2025\/03\/Katarzyna_Bogusz_-Quinta_essentia_2024_fot_Alicja_Kielan_04-1024x683.jpg\" alt=\"\" class=\"wp-image-192\" srcset=\"http:\/\/tfpwkzx.cluster100.hosting.ovh.net\/wp-content\/uploads\/2025\/03\/Katarzyna_Bogusz_-Quinta_essentia_2024_fot_Alicja_Kielan_04-1024x683.jpg 1024w, http:\/\/tfpwkzx.cluster100.hosting.ovh.net\/wp-content\/uploads\/2025\/03\/Katarzyna_Bogusz_-Quinta_essentia_2024_fot_Alicja_Kielan_04-300x200.jpg 300w, http:\/\/tfpwkzx.cluster100.hosting.ovh.net\/wp-content\/uploads\/2025\/03\/Katarzyna_Bogusz_-Quinta_essentia_2024_fot_Alicja_Kielan_04-768x512.jpg 768w, http:\/\/tfpwkzx.cluster100.hosting.ovh.net\/wp-content\/uploads\/2025\/03\/Katarzyna_Bogusz_-Quinta_essentia_2024_fot_Alicja_Kielan_04-1536x1024.jpg 1536w, http:\/\/tfpwkzx.cluster100.hosting.ovh.net\/wp-content\/uploads\/2025\/03\/Katarzyna_Bogusz_-Quinta_essentia_2024_fot_Alicja_Kielan_04-2048x1366.jpg 2048w\" sizes=\"auto, (max-width: 706px) 89vw, (max-width: 767px) 82vw, 740px\" \/><\/figure>\n\n\n\n<p><\/p>\n\n\n\n<p>Obecne w przestrzeni \u015bwiece <em>* \u2020<\/em> \u2013 obeliski stanowi\u0105 symboliczne przej\u015bcie. Odci\u015bni\u0119te na nich typograficzne symbole: <em>asteriskos<\/em> \u2013 gwiazda, znak u\u017cywany w celu przywo\u0142ywania dodatkowej tre\u015bci, ale te\u017c symbol narodzin oraz <em>obelus <\/em>\u2013\u00a0 sztylet, <em>crux philologorum<\/em>, oznaczaj\u0105cy miejsca w tek\u015bcie, w kt\u00f3rych tre\u015bci s\u0105 b\u0142\u0119dne lub niepewne &#8211; symbol odejmowania i \u015bmierci, stanowi\u0105 bram\u0119 czasu. Ich zwie\u0144czenie &#8211; piramida, pokryta w staro\u017cytno\u015bci z\u0142otem i srebrem, w tym uj\u0119ciu staje si\u0119 knotem \u015bwiecy. Symboliczny nadmiar i brak, narodziny i \u015bmier\u0107 stanowi\u0105 wypadkow\u0105 wobec pr\u00f3by stworzenia monumentu, kt\u00f3ry nie daje cienia.<\/p>\n\n\n\n<p><\/p>\n\n\n\n<p>Praca powsta\u0142a dzi\u0119ki wsparciu finansowemu Fundacji OPENHEIM<\/p>\n\n\n\n<p><em>Nie czas \u017ca\u0142owa\u0107 r\u00f3\u017c, gdy\u00a0p\u0142on\u0105 lasy<\/em>, OPENHEIM 2024, kuratorka: Kama Wr\u00f3bel<\/p>\n\n\n\n<p><\/p>\n\n\n\n<p><\/p>\n","protected":false},"excerpt":{"rendered":"<p>Kamie\u0144 o \u015bci\u0119tych bokach, znany z ryciny Melancholia I D\u00fcrera, stanowi rodzaj tytu\u0142owej&nbsp; kwintesencji \u2013 pi\u0105tej esencji, kt\u00f3ra jednoczy cztery \u017cywio\u0142y i istniej\u0105ce w nich sprzeczno\u015bci. Roz\u0142o\u017cenie zespolonej materii kamienia jest dla mnie form\u0105 doskonalenia, a ujawnienie jego wewn\u0119trznej pustki \u2013 staje si\u0119 nie\u015bmiertelnym z\u0142otem, istot\u0105 kamienia filozoficznego, w kt\u00f3rej \u015bwiadomo\u015b\u0107 zostaje wygaszona. To wyrzucenie &hellip; <\/p>\n<p class=\"link-more\"><a href=\"http:\/\/tfpwkzx.cluster100.hosting.ovh.net\/index.php\/quinta-essentia\/\" class=\"more-link\">Czytaj dalej<span class=\"screen-reader-text\"> \u201equinta essentia\u201d<\/span><\/a><\/p>\n","protected":false},"author":1,"featured_media":0,"parent":0,"menu_order":0,"comment_status":"closed","ping_status":"closed","template":"","meta":{"footnotes":""},"class_list":["post-180","page","type-page","status-publish","hentry"],"_links":{"self":[{"href":"http:\/\/tfpwkzx.cluster100.hosting.ovh.net\/index.php\/wp-json\/wp\/v2\/pages\/180","targetHints":{"allow":["GET"]}}],"collection":[{"href":"http:\/\/tfpwkzx.cluster100.hosting.ovh.net\/index.php\/wp-json\/wp\/v2\/pages"}],"about":[{"href":"http:\/\/tfpwkzx.cluster100.hosting.ovh.net\/index.php\/wp-json\/wp\/v2\/types\/page"}],"author":[{"embeddable":true,"href":"http:\/\/tfpwkzx.cluster100.hosting.ovh.net\/index.php\/wp-json\/wp\/v2\/users\/1"}],"replies":[{"embeddable":true,"href":"http:\/\/tfpwkzx.cluster100.hosting.ovh.net\/index.php\/wp-json\/wp\/v2\/comments?post=180"}],"version-history":[{"count":3,"href":"http:\/\/tfpwkzx.cluster100.hosting.ovh.net\/index.php\/wp-json\/wp\/v2\/pages\/180\/revisions"}],"predecessor-version":[{"id":193,"href":"http:\/\/tfpwkzx.cluster100.hosting.ovh.net\/index.php\/wp-json\/wp\/v2\/pages\/180\/revisions\/193"}],"wp:attachment":[{"href":"http:\/\/tfpwkzx.cluster100.hosting.ovh.net\/index.php\/wp-json\/wp\/v2\/media?parent=180"}],"curies":[{"name":"wp","href":"https:\/\/api.w.org\/{rel}","templated":true}]}}