{"id":212,"date":"2025-03-25T16:14:01","date_gmt":"2025-03-25T15:14:01","guid":{"rendered":"http:\/\/tfpwkzx.cluster100.hosting.ovh.net\/?page_id=212"},"modified":"2025-03-26T11:12:08","modified_gmt":"2025-03-26T10:12:08","slug":"safe-word","status":"publish","type":"page","link":"http:\/\/tfpwkzx.cluster100.hosting.ovh.net\/index.php\/safe-word\/","title":{"rendered":"safe word"},"content":{"rendered":"\n<figure class=\"wp-block-image size-large\"><img loading=\"lazy\" decoding=\"async\" width=\"768\" height=\"1024\" src=\"http:\/\/tfpwkzx.cluster100.hosting.ovh.net\/wp-content\/uploads\/2025\/03\/Katarzyna_Bogusz_safe_word_2025-768x1024.jpg\" alt=\"\" class=\"wp-image-213\" srcset=\"http:\/\/tfpwkzx.cluster100.hosting.ovh.net\/wp-content\/uploads\/2025\/03\/Katarzyna_Bogusz_safe_word_2025-768x1024.jpg 768w, http:\/\/tfpwkzx.cluster100.hosting.ovh.net\/wp-content\/uploads\/2025\/03\/Katarzyna_Bogusz_safe_word_2025-225x300.jpg 225w, http:\/\/tfpwkzx.cluster100.hosting.ovh.net\/wp-content\/uploads\/2025\/03\/Katarzyna_Bogusz_safe_word_2025.jpg 945w\" sizes=\"auto, (max-width: 706px) 89vw, (max-width: 767px) 82vw, 740px\" \/><figcaption class=\"wp-element-caption\">   <\/figcaption><\/figure>\n\n\n\n<figure class=\"wp-block-image size-large\"><img loading=\"lazy\" decoding=\"async\" width=\"683\" height=\"1024\" src=\"http:\/\/tfpwkzx.cluster100.hosting.ovh.net\/wp-content\/uploads\/2025\/03\/Katarzyna_Bogusz_safe_word_2025_Stary_Refektarz_Wroclaw_1-683x1024.jpg\" alt=\"\" class=\"wp-image-214\" srcset=\"http:\/\/tfpwkzx.cluster100.hosting.ovh.net\/wp-content\/uploads\/2025\/03\/Katarzyna_Bogusz_safe_word_2025_Stary_Refektarz_Wroclaw_1-683x1024.jpg 683w, http:\/\/tfpwkzx.cluster100.hosting.ovh.net\/wp-content\/uploads\/2025\/03\/Katarzyna_Bogusz_safe_word_2025_Stary_Refektarz_Wroclaw_1-200x300.jpg 200w, http:\/\/tfpwkzx.cluster100.hosting.ovh.net\/wp-content\/uploads\/2025\/03\/Katarzyna_Bogusz_safe_word_2025_Stary_Refektarz_Wroclaw_1-768x1152.jpg 768w, http:\/\/tfpwkzx.cluster100.hosting.ovh.net\/wp-content\/uploads\/2025\/03\/Katarzyna_Bogusz_safe_word_2025_Stary_Refektarz_Wroclaw_1-1024x1536.jpg 1024w, http:\/\/tfpwkzx.cluster100.hosting.ovh.net\/wp-content\/uploads\/2025\/03\/Katarzyna_Bogusz_safe_word_2025_Stary_Refektarz_Wroclaw_1-1366x2048.jpg 1366w, http:\/\/tfpwkzx.cluster100.hosting.ovh.net\/wp-content\/uploads\/2025\/03\/Katarzyna_Bogusz_safe_word_2025_Stary_Refektarz_Wroclaw_1.jpg 1575w\" sizes=\"auto, (max-width: 683px) 100vw, 683px\" \/><\/figure>\n\n\n\n<figure class=\"wp-block-image size-large\"><img loading=\"lazy\" decoding=\"async\" width=\"683\" height=\"1024\" src=\"http:\/\/tfpwkzx.cluster100.hosting.ovh.net\/wp-content\/uploads\/2025\/03\/Katarzyna_Bogusz_safe_word_2025_Stary_Refektarz_Wroclaw_2-683x1024.jpg\" alt=\"\" class=\"wp-image-216\" srcset=\"http:\/\/tfpwkzx.cluster100.hosting.ovh.net\/wp-content\/uploads\/2025\/03\/Katarzyna_Bogusz_safe_word_2025_Stary_Refektarz_Wroclaw_2-683x1024.jpg 683w, http:\/\/tfpwkzx.cluster100.hosting.ovh.net\/wp-content\/uploads\/2025\/03\/Katarzyna_Bogusz_safe_word_2025_Stary_Refektarz_Wroclaw_2-200x300.jpg 200w, http:\/\/tfpwkzx.cluster100.hosting.ovh.net\/wp-content\/uploads\/2025\/03\/Katarzyna_Bogusz_safe_word_2025_Stary_Refektarz_Wroclaw_2-768x1152.jpg 768w, http:\/\/tfpwkzx.cluster100.hosting.ovh.net\/wp-content\/uploads\/2025\/03\/Katarzyna_Bogusz_safe_word_2025_Stary_Refektarz_Wroclaw_2-1024x1536.jpg 1024w, http:\/\/tfpwkzx.cluster100.hosting.ovh.net\/wp-content\/uploads\/2025\/03\/Katarzyna_Bogusz_safe_word_2025_Stary_Refektarz_Wroclaw_2-1366x2048.jpg 1366w, http:\/\/tfpwkzx.cluster100.hosting.ovh.net\/wp-content\/uploads\/2025\/03\/Katarzyna_Bogusz_safe_word_2025_Stary_Refektarz_Wroclaw_2.jpg 1575w\" sizes=\"auto, (max-width: 683px) 100vw, 683px\" \/><\/figure>\n\n\n\n<figure class=\"wp-block-image size-large\"><img loading=\"lazy\" decoding=\"async\" width=\"1024\" height=\"683\" src=\"http:\/\/tfpwkzx.cluster100.hosting.ovh.net\/wp-content\/uploads\/2025\/03\/Katarzyna_Bogusz_safe_word_2025_Stary_Refektarz_Wroclaw_3-1-1024x683.jpg\" alt=\"\" class=\"wp-image-217\" srcset=\"http:\/\/tfpwkzx.cluster100.hosting.ovh.net\/wp-content\/uploads\/2025\/03\/Katarzyna_Bogusz_safe_word_2025_Stary_Refektarz_Wroclaw_3-1-1024x683.jpg 1024w, http:\/\/tfpwkzx.cluster100.hosting.ovh.net\/wp-content\/uploads\/2025\/03\/Katarzyna_Bogusz_safe_word_2025_Stary_Refektarz_Wroclaw_3-1-300x200.jpg 300w, http:\/\/tfpwkzx.cluster100.hosting.ovh.net\/wp-content\/uploads\/2025\/03\/Katarzyna_Bogusz_safe_word_2025_Stary_Refektarz_Wroclaw_3-1-768x512.jpg 768w, http:\/\/tfpwkzx.cluster100.hosting.ovh.net\/wp-content\/uploads\/2025\/03\/Katarzyna_Bogusz_safe_word_2025_Stary_Refektarz_Wroclaw_3-1-1536x1024.jpg 1536w, http:\/\/tfpwkzx.cluster100.hosting.ovh.net\/wp-content\/uploads\/2025\/03\/Katarzyna_Bogusz_safe_word_2025_Stary_Refektarz_Wroclaw_3-1-2048x1366.jpg 2048w\" sizes=\"auto, (max-width: 706px) 89vw, (max-width: 767px) 82vw, 740px\" \/><figcaption class=\"wp-element-caption\">odlew, parafina, kadzid\u0142a z g\u00f3ry Athos, 28,5cm x 9cm x 7cm, pasmo w\u0142os\u00f3w, marmurowa p\u0142yta 34cm x 37cm<\/figcaption><\/figure>\n\n\n\n<figure class=\"wp-block-image size-large\"><img loading=\"lazy\" decoding=\"async\" width=\"683\" height=\"1024\" src=\"http:\/\/tfpwkzx.cluster100.hosting.ovh.net\/wp-content\/uploads\/2025\/03\/Katarzyna_Bogusz_safe_word_2025_Stary_Refektarz_Wroclaw_5-683x1024.jpg\" alt=\"\" class=\"wp-image-218\" srcset=\"http:\/\/tfpwkzx.cluster100.hosting.ovh.net\/wp-content\/uploads\/2025\/03\/Katarzyna_Bogusz_safe_word_2025_Stary_Refektarz_Wroclaw_5-683x1024.jpg 683w, http:\/\/tfpwkzx.cluster100.hosting.ovh.net\/wp-content\/uploads\/2025\/03\/Katarzyna_Bogusz_safe_word_2025_Stary_Refektarz_Wroclaw_5-200x300.jpg 200w, http:\/\/tfpwkzx.cluster100.hosting.ovh.net\/wp-content\/uploads\/2025\/03\/Katarzyna_Bogusz_safe_word_2025_Stary_Refektarz_Wroclaw_5-768x1152.jpg 768w, http:\/\/tfpwkzx.cluster100.hosting.ovh.net\/wp-content\/uploads\/2025\/03\/Katarzyna_Bogusz_safe_word_2025_Stary_Refektarz_Wroclaw_5-1024x1536.jpg 1024w, http:\/\/tfpwkzx.cluster100.hosting.ovh.net\/wp-content\/uploads\/2025\/03\/Katarzyna_Bogusz_safe_word_2025_Stary_Refektarz_Wroclaw_5-1366x2048.jpg 1366w, http:\/\/tfpwkzx.cluster100.hosting.ovh.net\/wp-content\/uploads\/2025\/03\/Katarzyna_Bogusz_safe_word_2025_Stary_Refektarz_Wroclaw_5.jpg 1575w\" sizes=\"auto, (max-width: 683px) 100vw, 683px\" \/><\/figure>\n\n\n\n<figure class=\"wp-block-image size-large\"><img loading=\"lazy\" decoding=\"async\" width=\"683\" height=\"1024\" src=\"http:\/\/tfpwkzx.cluster100.hosting.ovh.net\/wp-content\/uploads\/2025\/03\/Katarzyna_Bogusz_safe_word_2025_Stary_Refektarz_Wroclaw_6-683x1024.jpg\" alt=\"\" class=\"wp-image-219\" srcset=\"http:\/\/tfpwkzx.cluster100.hosting.ovh.net\/wp-content\/uploads\/2025\/03\/Katarzyna_Bogusz_safe_word_2025_Stary_Refektarz_Wroclaw_6-683x1024.jpg 683w, http:\/\/tfpwkzx.cluster100.hosting.ovh.net\/wp-content\/uploads\/2025\/03\/Katarzyna_Bogusz_safe_word_2025_Stary_Refektarz_Wroclaw_6-200x300.jpg 200w, http:\/\/tfpwkzx.cluster100.hosting.ovh.net\/wp-content\/uploads\/2025\/03\/Katarzyna_Bogusz_safe_word_2025_Stary_Refektarz_Wroclaw_6-768x1152.jpg 768w, http:\/\/tfpwkzx.cluster100.hosting.ovh.net\/wp-content\/uploads\/2025\/03\/Katarzyna_Bogusz_safe_word_2025_Stary_Refektarz_Wroclaw_6-1024x1536.jpg 1024w, http:\/\/tfpwkzx.cluster100.hosting.ovh.net\/wp-content\/uploads\/2025\/03\/Katarzyna_Bogusz_safe_word_2025_Stary_Refektarz_Wroclaw_6-1366x2048.jpg 1366w, http:\/\/tfpwkzx.cluster100.hosting.ovh.net\/wp-content\/uploads\/2025\/03\/Katarzyna_Bogusz_safe_word_2025_Stary_Refektarz_Wroclaw_6.jpg 1575w\" sizes=\"auto, (max-width: 683px) 100vw, 683px\" \/><figcaption class=\"wp-element-caption\">odlew, wosk pszczeli, knoty, 45cm x 35cm x 9cm<\/figcaption><\/figure>\n\n\n\n<figure class=\"wp-block-image size-large\"><img loading=\"lazy\" decoding=\"async\" width=\"1024\" height=\"683\" src=\"http:\/\/tfpwkzx.cluster100.hosting.ovh.net\/wp-content\/uploads\/2025\/03\/Katarzyna_Bogusz_safe_word_2025_Stary_Refektarz_Wroclaw_7-1024x683.jpg\" alt=\"\" class=\"wp-image-220\" srcset=\"http:\/\/tfpwkzx.cluster100.hosting.ovh.net\/wp-content\/uploads\/2025\/03\/Katarzyna_Bogusz_safe_word_2025_Stary_Refektarz_Wroclaw_7-1024x683.jpg 1024w, http:\/\/tfpwkzx.cluster100.hosting.ovh.net\/wp-content\/uploads\/2025\/03\/Katarzyna_Bogusz_safe_word_2025_Stary_Refektarz_Wroclaw_7-300x200.jpg 300w, http:\/\/tfpwkzx.cluster100.hosting.ovh.net\/wp-content\/uploads\/2025\/03\/Katarzyna_Bogusz_safe_word_2025_Stary_Refektarz_Wroclaw_7-768x512.jpg 768w, http:\/\/tfpwkzx.cluster100.hosting.ovh.net\/wp-content\/uploads\/2025\/03\/Katarzyna_Bogusz_safe_word_2025_Stary_Refektarz_Wroclaw_7-1536x1024.jpg 1536w, http:\/\/tfpwkzx.cluster100.hosting.ovh.net\/wp-content\/uploads\/2025\/03\/Katarzyna_Bogusz_safe_word_2025_Stary_Refektarz_Wroclaw_7-2048x1366.jpg 2048w\" sizes=\"auto, (max-width: 706px) 89vw, (max-width: 767px) 82vw, 740px\" \/><figcaption class=\"wp-element-caption\">rysunek krwi\u0105 na p\u0142ycie marmurowej, 40cm x 40cm<\/figcaption><\/figure>\n\n\n\n<figure class=\"wp-block-image size-large\"><img loading=\"lazy\" decoding=\"async\" width=\"683\" height=\"1024\" src=\"http:\/\/tfpwkzx.cluster100.hosting.ovh.net\/wp-content\/uploads\/2025\/03\/Katarzyna_Bogusz_safe_word_2025_Stary_Refektarz_Wroclaw_9-683x1024.jpg\" alt=\"\" class=\"wp-image-221\" srcset=\"http:\/\/tfpwkzx.cluster100.hosting.ovh.net\/wp-content\/uploads\/2025\/03\/Katarzyna_Bogusz_safe_word_2025_Stary_Refektarz_Wroclaw_9-683x1024.jpg 683w, http:\/\/tfpwkzx.cluster100.hosting.ovh.net\/wp-content\/uploads\/2025\/03\/Katarzyna_Bogusz_safe_word_2025_Stary_Refektarz_Wroclaw_9-200x300.jpg 200w, http:\/\/tfpwkzx.cluster100.hosting.ovh.net\/wp-content\/uploads\/2025\/03\/Katarzyna_Bogusz_safe_word_2025_Stary_Refektarz_Wroclaw_9-768x1152.jpg 768w, http:\/\/tfpwkzx.cluster100.hosting.ovh.net\/wp-content\/uploads\/2025\/03\/Katarzyna_Bogusz_safe_word_2025_Stary_Refektarz_Wroclaw_9-1024x1536.jpg 1024w, http:\/\/tfpwkzx.cluster100.hosting.ovh.net\/wp-content\/uploads\/2025\/03\/Katarzyna_Bogusz_safe_word_2025_Stary_Refektarz_Wroclaw_9-1366x2048.jpg 1366w, http:\/\/tfpwkzx.cluster100.hosting.ovh.net\/wp-content\/uploads\/2025\/03\/Katarzyna_Bogusz_safe_word_2025_Stary_Refektarz_Wroclaw_9.jpg 1575w\" sizes=\"auto, (max-width: 683px) 100vw, 683px\" \/><figcaption class=\"wp-element-caption\">Drzewo, kolce z kadzid\u0142a na bazie Olibanum<\/figcaption><\/figure>\n\n\n\n<figure class=\"wp-block-image size-large\"><img loading=\"lazy\" decoding=\"async\" width=\"1024\" height=\"683\" src=\"http:\/\/tfpwkzx.cluster100.hosting.ovh.net\/wp-content\/uploads\/2025\/03\/Katarzyna_Bogusz_safe_word_2025_Stary_Refektarz_Wroclaw_10-1-1024x683.jpg\" alt=\"\" class=\"wp-image-223\" srcset=\"http:\/\/tfpwkzx.cluster100.hosting.ovh.net\/wp-content\/uploads\/2025\/03\/Katarzyna_Bogusz_safe_word_2025_Stary_Refektarz_Wroclaw_10-1-1024x683.jpg 1024w, http:\/\/tfpwkzx.cluster100.hosting.ovh.net\/wp-content\/uploads\/2025\/03\/Katarzyna_Bogusz_safe_word_2025_Stary_Refektarz_Wroclaw_10-1-300x200.jpg 300w, http:\/\/tfpwkzx.cluster100.hosting.ovh.net\/wp-content\/uploads\/2025\/03\/Katarzyna_Bogusz_safe_word_2025_Stary_Refektarz_Wroclaw_10-1-768x512.jpg 768w, http:\/\/tfpwkzx.cluster100.hosting.ovh.net\/wp-content\/uploads\/2025\/03\/Katarzyna_Bogusz_safe_word_2025_Stary_Refektarz_Wroclaw_10-1-1536x1024.jpg 1536w, http:\/\/tfpwkzx.cluster100.hosting.ovh.net\/wp-content\/uploads\/2025\/03\/Katarzyna_Bogusz_safe_word_2025_Stary_Refektarz_Wroclaw_10-1-2048x1366.jpg 2048w\" sizes=\"auto, (max-width: 706px) 89vw, (max-width: 767px) 82vw, 740px\" \/><figcaption class=\"wp-element-caption\">Obrane z\u0142ote jab\u0142ko, poduszka z bielizny o\u0142tarzowej, 52cm x 52cm<\/figcaption><\/figure>\n\n\n\n<figure class=\"wp-block-image size-large\"><img loading=\"lazy\" decoding=\"async\" width=\"683\" height=\"1024\" src=\"http:\/\/tfpwkzx.cluster100.hosting.ovh.net\/wp-content\/uploads\/2025\/03\/Katarzyna_Bogusz_safe_word_2025_Stary_Refektarz_Wroclaw_12-683x1024.jpg\" alt=\"\" class=\"wp-image-224\" srcset=\"http:\/\/tfpwkzx.cluster100.hosting.ovh.net\/wp-content\/uploads\/2025\/03\/Katarzyna_Bogusz_safe_word_2025_Stary_Refektarz_Wroclaw_12-683x1024.jpg 683w, http:\/\/tfpwkzx.cluster100.hosting.ovh.net\/wp-content\/uploads\/2025\/03\/Katarzyna_Bogusz_safe_word_2025_Stary_Refektarz_Wroclaw_12-200x300.jpg 200w, http:\/\/tfpwkzx.cluster100.hosting.ovh.net\/wp-content\/uploads\/2025\/03\/Katarzyna_Bogusz_safe_word_2025_Stary_Refektarz_Wroclaw_12-768x1152.jpg 768w, http:\/\/tfpwkzx.cluster100.hosting.ovh.net\/wp-content\/uploads\/2025\/03\/Katarzyna_Bogusz_safe_word_2025_Stary_Refektarz_Wroclaw_12-1024x1536.jpg 1024w, http:\/\/tfpwkzx.cluster100.hosting.ovh.net\/wp-content\/uploads\/2025\/03\/Katarzyna_Bogusz_safe_word_2025_Stary_Refektarz_Wroclaw_12-1366x2048.jpg 1366w, http:\/\/tfpwkzx.cluster100.hosting.ovh.net\/wp-content\/uploads\/2025\/03\/Katarzyna_Bogusz_safe_word_2025_Stary_Refektarz_Wroclaw_12.jpg 1575w\" sizes=\"auto, (max-width: 683px) 100vw, 683px\" \/><figcaption class=\"wp-element-caption\">Gra w klasy, kreda, suszona miesi\u0119cznica, 120cm x 120cm<\/figcaption><\/figure>\n\n\n\n<figure class=\"wp-block-image size-large\"><img loading=\"lazy\" decoding=\"async\" width=\"1024\" height=\"683\" src=\"http:\/\/tfpwkzx.cluster100.hosting.ovh.net\/wp-content\/uploads\/2025\/03\/Katarzyna_Bogusz_safe_word_2025_Stary_Refektarz_Wroclaw_13-1024x683.jpg\" alt=\"\" class=\"wp-image-225\" srcset=\"http:\/\/tfpwkzx.cluster100.hosting.ovh.net\/wp-content\/uploads\/2025\/03\/Katarzyna_Bogusz_safe_word_2025_Stary_Refektarz_Wroclaw_13-1024x683.jpg 1024w, http:\/\/tfpwkzx.cluster100.hosting.ovh.net\/wp-content\/uploads\/2025\/03\/Katarzyna_Bogusz_safe_word_2025_Stary_Refektarz_Wroclaw_13-300x200.jpg 300w, http:\/\/tfpwkzx.cluster100.hosting.ovh.net\/wp-content\/uploads\/2025\/03\/Katarzyna_Bogusz_safe_word_2025_Stary_Refektarz_Wroclaw_13-768x512.jpg 768w, http:\/\/tfpwkzx.cluster100.hosting.ovh.net\/wp-content\/uploads\/2025\/03\/Katarzyna_Bogusz_safe_word_2025_Stary_Refektarz_Wroclaw_13-1536x1024.jpg 1536w, http:\/\/tfpwkzx.cluster100.hosting.ovh.net\/wp-content\/uploads\/2025\/03\/Katarzyna_Bogusz_safe_word_2025_Stary_Refektarz_Wroclaw_13-2048x1366.jpg 2048w\" sizes=\"auto, (max-width: 706px) 89vw, (max-width: 767px) 82vw, 740px\" \/><\/figure>\n\n\n\n<figure class=\"wp-block-image size-large\"><img loading=\"lazy\" decoding=\"async\" width=\"683\" height=\"1024\" src=\"http:\/\/tfpwkzx.cluster100.hosting.ovh.net\/wp-content\/uploads\/2025\/03\/Katarzyna_Bogusz_safe_word_2025_Stary_Refektarz_Wroclaw_15-683x1024.jpg\" alt=\"\" class=\"wp-image-226\" srcset=\"http:\/\/tfpwkzx.cluster100.hosting.ovh.net\/wp-content\/uploads\/2025\/03\/Katarzyna_Bogusz_safe_word_2025_Stary_Refektarz_Wroclaw_15-683x1024.jpg 683w, http:\/\/tfpwkzx.cluster100.hosting.ovh.net\/wp-content\/uploads\/2025\/03\/Katarzyna_Bogusz_safe_word_2025_Stary_Refektarz_Wroclaw_15-200x300.jpg 200w, http:\/\/tfpwkzx.cluster100.hosting.ovh.net\/wp-content\/uploads\/2025\/03\/Katarzyna_Bogusz_safe_word_2025_Stary_Refektarz_Wroclaw_15-768x1152.jpg 768w, http:\/\/tfpwkzx.cluster100.hosting.ovh.net\/wp-content\/uploads\/2025\/03\/Katarzyna_Bogusz_safe_word_2025_Stary_Refektarz_Wroclaw_15-1024x1536.jpg 1024w, http:\/\/tfpwkzx.cluster100.hosting.ovh.net\/wp-content\/uploads\/2025\/03\/Katarzyna_Bogusz_safe_word_2025_Stary_Refektarz_Wroclaw_15-1366x2048.jpg 1366w, http:\/\/tfpwkzx.cluster100.hosting.ovh.net\/wp-content\/uploads\/2025\/03\/Katarzyna_Bogusz_safe_word_2025_Stary_Refektarz_Wroclaw_15.jpg 1575w\" sizes=\"auto, (max-width: 683px) 100vw, 683px\" \/><\/figure>\n\n\n\n<figure class=\"wp-block-image size-large\"><img loading=\"lazy\" decoding=\"async\" width=\"683\" height=\"1024\" src=\"http:\/\/tfpwkzx.cluster100.hosting.ovh.net\/wp-content\/uploads\/2025\/03\/Katarzyna_Bogusz_safe_word_2025_Stary_Refektarz_Wroclaw_14-683x1024.jpg\" alt=\"\" class=\"wp-image-227\" srcset=\"http:\/\/tfpwkzx.cluster100.hosting.ovh.net\/wp-content\/uploads\/2025\/03\/Katarzyna_Bogusz_safe_word_2025_Stary_Refektarz_Wroclaw_14-683x1024.jpg 683w, http:\/\/tfpwkzx.cluster100.hosting.ovh.net\/wp-content\/uploads\/2025\/03\/Katarzyna_Bogusz_safe_word_2025_Stary_Refektarz_Wroclaw_14-200x300.jpg 200w, http:\/\/tfpwkzx.cluster100.hosting.ovh.net\/wp-content\/uploads\/2025\/03\/Katarzyna_Bogusz_safe_word_2025_Stary_Refektarz_Wroclaw_14-768x1152.jpg 768w, http:\/\/tfpwkzx.cluster100.hosting.ovh.net\/wp-content\/uploads\/2025\/03\/Katarzyna_Bogusz_safe_word_2025_Stary_Refektarz_Wroclaw_14-1024x1536.jpg 1024w, http:\/\/tfpwkzx.cluster100.hosting.ovh.net\/wp-content\/uploads\/2025\/03\/Katarzyna_Bogusz_safe_word_2025_Stary_Refektarz_Wroclaw_14-1366x2048.jpg 1366w, http:\/\/tfpwkzx.cluster100.hosting.ovh.net\/wp-content\/uploads\/2025\/03\/Katarzyna_Bogusz_safe_word_2025_Stary_Refektarz_Wroclaw_14.jpg 1575w\" sizes=\"auto, (max-width: 683px) 100vw, 683px\" \/><figcaption class=\"wp-element-caption\">sztandar, barwiony len, fr\u0119dzle, piorunochron z belemnit\u00f3w (zwanych b\u0142\u0119dnie strza\u0142kami piorunowymi), 70cm x 195cm<\/figcaption><\/figure>\n\n\n\n<figure class=\"wp-block-image size-large\"><img loading=\"lazy\" decoding=\"async\" width=\"683\" height=\"1024\" src=\"http:\/\/tfpwkzx.cluster100.hosting.ovh.net\/wp-content\/uploads\/2025\/03\/Katarzyna_Bogusz_safe_word_2025_Stary_Refektarz_Wroclaw_16-683x1024.jpg\" alt=\"\" class=\"wp-image-228\" srcset=\"http:\/\/tfpwkzx.cluster100.hosting.ovh.net\/wp-content\/uploads\/2025\/03\/Katarzyna_Bogusz_safe_word_2025_Stary_Refektarz_Wroclaw_16-683x1024.jpg 683w, http:\/\/tfpwkzx.cluster100.hosting.ovh.net\/wp-content\/uploads\/2025\/03\/Katarzyna_Bogusz_safe_word_2025_Stary_Refektarz_Wroclaw_16-200x300.jpg 200w, http:\/\/tfpwkzx.cluster100.hosting.ovh.net\/wp-content\/uploads\/2025\/03\/Katarzyna_Bogusz_safe_word_2025_Stary_Refektarz_Wroclaw_16-768x1152.jpg 768w, http:\/\/tfpwkzx.cluster100.hosting.ovh.net\/wp-content\/uploads\/2025\/03\/Katarzyna_Bogusz_safe_word_2025_Stary_Refektarz_Wroclaw_16-1024x1536.jpg 1024w, http:\/\/tfpwkzx.cluster100.hosting.ovh.net\/wp-content\/uploads\/2025\/03\/Katarzyna_Bogusz_safe_word_2025_Stary_Refektarz_Wroclaw_16-1366x2048.jpg 1366w, http:\/\/tfpwkzx.cluster100.hosting.ovh.net\/wp-content\/uploads\/2025\/03\/Katarzyna_Bogusz_safe_word_2025_Stary_Refektarz_Wroclaw_16.jpg 1575w\" sizes=\"auto, (max-width: 683px) 100vw, 683px\" \/><\/figure>\n\n\n\n<figure class=\"wp-block-image size-large\"><img loading=\"lazy\" decoding=\"async\" width=\"1024\" height=\"683\" src=\"http:\/\/tfpwkzx.cluster100.hosting.ovh.net\/wp-content\/uploads\/2025\/03\/Katarzyna_Bogusz_safe_word_2025_Stary_Refektarz_Wroclaw_17-1024x683.jpg\" alt=\"\" class=\"wp-image-229\" srcset=\"http:\/\/tfpwkzx.cluster100.hosting.ovh.net\/wp-content\/uploads\/2025\/03\/Katarzyna_Bogusz_safe_word_2025_Stary_Refektarz_Wroclaw_17-1024x683.jpg 1024w, http:\/\/tfpwkzx.cluster100.hosting.ovh.net\/wp-content\/uploads\/2025\/03\/Katarzyna_Bogusz_safe_word_2025_Stary_Refektarz_Wroclaw_17-300x200.jpg 300w, http:\/\/tfpwkzx.cluster100.hosting.ovh.net\/wp-content\/uploads\/2025\/03\/Katarzyna_Bogusz_safe_word_2025_Stary_Refektarz_Wroclaw_17-768x512.jpg 768w, http:\/\/tfpwkzx.cluster100.hosting.ovh.net\/wp-content\/uploads\/2025\/03\/Katarzyna_Bogusz_safe_word_2025_Stary_Refektarz_Wroclaw_17-1536x1024.jpg 1536w, http:\/\/tfpwkzx.cluster100.hosting.ovh.net\/wp-content\/uploads\/2025\/03\/Katarzyna_Bogusz_safe_word_2025_Stary_Refektarz_Wroclaw_17-2048x1366.jpg 2048w\" sizes=\"auto, (max-width: 706px) 89vw, (max-width: 767px) 82vw, 740px\" \/><figcaption class=\"wp-element-caption\">ko\u0142o fortuny, szk\u0142o, masa per\u0142owa, akryl, \u015brednica 98,5cm, granat, korona z granatu 1,5cm x 2cm, p\u0142yta marmurowa 37,5cm x 42,5cm<\/figcaption><\/figure>\n\n\n\n<p><\/p>\n\n\n\n<p>Stan ekstazy, mo\u017cna opisa\u0107 jako p\u0142omie\u0144 i agoni\u0119. Chocia\u017c czysta rozkosz nie jest ani napi\u0119ciem po\u017c\u0105dania ani cisz\u0105 stagnacji. Dr\u017cy cho\u0107 p\u0142onie. Przeszycie z\u0142ot\u0105 strza\u0142\u0105 pozostawia szczelin\u0119, w kt\u00f3r\u0105 wnika \u015bwiat\u0142o. Wn\u0119trze staje si\u0119 zewn\u0119trzem.<\/p>\n\n\n\n<p>Uderza grom. Rozwiera b\u0142\u0119kit nieba. B\u0142ysk scala materi\u0119 dooko\u0142a. Tworzy piorunochron. Tytu\u0142owe <em>safe word<\/em>, wypowiadane w stanach najwy\u017cszej intensywno\u015bci, odprowadza bezpiecznie nadmiar.<\/p>\n\n\n\n<p>Pozostaje niewypowiedziana substancja s\u0142\u00f3w \u2013 bez formy sensu. Jedynie to, co staje si\u0119 no\u015bnikiem potrafi znaczy\u0107. Usypane w postaci gry w klasy bry\u0142ki kredy, stanowi\u0105 poszczeg\u00f3lne etapy wchodzenia na \u201eg\u00f3r\u0119 nago\u015bci\u201d przez stopnie zjednoczenia. Wymieszane zostaj\u0105 z miesi\u0119cznic\u0105 \u2013 transparentn\u0105 ro\u015blin\u0105, nazywan\u0105 tak\u017ce <em>honesty<\/em> \u2013 uczciwo\u015b\u0107. Ostatni\u0105 przestrzeni\u0105 staje si\u0119 marmur z rycin\u0105 kielicha wykonan\u0105 krwi\u0105. Nie mo\u017cna jej ju\u017c wymaza\u0107, wsi\u0105ka w struktur\u0119 kamienia. Czasami gra w klasy to roz\u0142o\u017cony tron.<\/p>\n\n\n\n<p>Tworze na nowo drzewo poznania. Kolce spalaj\u0105 si\u0119 zapachem kadzid\u0142a. Wnikaj\u0105 w przestrze\u0144. To akt niedyskrecji, spalenie rany, \u017cywicy. Zapachem przesi\u0105ka nawet b\u00f3l.<\/p>\n\n\n\n<p>Odlew stopy wykonany z kadzide\u0142 z g\u00f3ry Athos zostaje w znaku pokory wobec mi\u0142o\u015bci okryty pasmem w\u0142os\u00f3w. Dope\u0142nieniem staje si\u0119 tors przeszyty strza\u0142ami \u2013 knotami, strza\u0142y spalaj\u0105 pow\u0142ok\u0119 cia\u0142a.<\/p>\n\n\n\n<p>Pod drzewem znajduje si\u0119 jab\u0142ko. Si\u0119gni\u0119cie po nie, jest pokus\u0105 nie wiedzy a w\u0142adzy \u2013 wydarcia tajemnicy, zabranie tego, co nie zosta\u0142o dane. Zaburzenie naturalnego porz\u0105dku. Iluzja pot\u0119gi, t\u0119skni za doskona\u0142ym panowaniem nad przestrzeni\u0105 i czasem, s\u0105dz\u0105c \u017ce pojawia si\u0119 poza jedno\u015bci\u0105, pokrywaj\u0105c si\u0119 z\u0142otem. B\u0142ysk doskona\u0142o\u015bci jest jednak pozorny, wynika z panowania nad materi\u0105, lecz nosi w sobie popi\u00f3\u0142. Obrane ze z\u0142ota jab\u0142ko \u2013 staje si\u0119 na powr\u00f3t cz\u0119\u015bci\u0105 przemijania. Dominuje nad nim jedynie podkre\u015blaj\u0105ca ci\u0105g\u0142o\u015b\u0107 jego trwania cykliczno\u015b\u0107 \u2013 szypu\u0142ka.<\/p>\n\n\n\n<p>Rozeta \u2013 zaczerniony witra\u017c staje si\u0119 swoim negatywem. To co widoczne to jego struktura bazowa, wykonana z macicy per\u0142owej \u2013 <em>Tabernaculum<\/em> \u2013 miejsce spotkania. To co w nim zawarte za\u015b staje si\u0119 niewidoczne, ukryte. Niepewno\u015b\u0107 ta staje si\u0119 ko\u0142em fortuny, tocz\u0105cej si\u0119 w\u0142adzy nad cia\u0142em. <em>Regnabo, Regno, Regnavi<\/em>. Oparte na soku z granatu z le\u017c\u0105c\u0105 u jego st\u00f3p koron\u0105, zwie\u0144czeniem owocu \u2013<em> Sum sine Regno <\/em>\u2013 ufam.<\/p>\n\n\n\n<p>Stary Refektarz, Wroc\u0142aw 2025<\/p>\n\n\n\n<p><\/p>\n","protected":false},"excerpt":{"rendered":"<p>Stan ekstazy, mo\u017cna opisa\u0107 jako p\u0142omie\u0144 i agoni\u0119. Chocia\u017c czysta rozkosz nie jest ani napi\u0119ciem po\u017c\u0105dania ani cisz\u0105 stagnacji. Dr\u017cy cho\u0107 p\u0142onie. Przeszycie z\u0142ot\u0105 strza\u0142\u0105 pozostawia szczelin\u0119, w kt\u00f3r\u0105 wnika \u015bwiat\u0142o. Wn\u0119trze staje si\u0119 zewn\u0119trzem. Uderza grom. Rozwiera b\u0142\u0119kit nieba. B\u0142ysk scala materi\u0119 dooko\u0142a. Tworzy piorunochron. Tytu\u0142owe safe word, wypowiadane w stanach najwy\u017cszej intensywno\u015bci, odprowadza &hellip; <\/p>\n<p class=\"link-more\"><a href=\"http:\/\/tfpwkzx.cluster100.hosting.ovh.net\/index.php\/safe-word\/\" class=\"more-link\">Czytaj dalej<span class=\"screen-reader-text\"> \u201esafe word\u201d<\/span><\/a><\/p>\n","protected":false},"author":1,"featured_media":0,"parent":0,"menu_order":0,"comment_status":"closed","ping_status":"closed","template":"","meta":{"footnotes":""},"class_list":["post-212","page","type-page","status-publish","hentry"],"_links":{"self":[{"href":"http:\/\/tfpwkzx.cluster100.hosting.ovh.net\/index.php\/wp-json\/wp\/v2\/pages\/212","targetHints":{"allow":["GET"]}}],"collection":[{"href":"http:\/\/tfpwkzx.cluster100.hosting.ovh.net\/index.php\/wp-json\/wp\/v2\/pages"}],"about":[{"href":"http:\/\/tfpwkzx.cluster100.hosting.ovh.net\/index.php\/wp-json\/wp\/v2\/types\/page"}],"author":[{"embeddable":true,"href":"http:\/\/tfpwkzx.cluster100.hosting.ovh.net\/index.php\/wp-json\/wp\/v2\/users\/1"}],"replies":[{"embeddable":true,"href":"http:\/\/tfpwkzx.cluster100.hosting.ovh.net\/index.php\/wp-json\/wp\/v2\/comments?post=212"}],"version-history":[{"count":5,"href":"http:\/\/tfpwkzx.cluster100.hosting.ovh.net\/index.php\/wp-json\/wp\/v2\/pages\/212\/revisions"}],"predecessor-version":[{"id":238,"href":"http:\/\/tfpwkzx.cluster100.hosting.ovh.net\/index.php\/wp-json\/wp\/v2\/pages\/212\/revisions\/238"}],"wp:attachment":[{"href":"http:\/\/tfpwkzx.cluster100.hosting.ovh.net\/index.php\/wp-json\/wp\/v2\/media?parent=212"}],"curies":[{"name":"wp","href":"https:\/\/api.w.org\/{rel}","templated":true}]}}