{"id":43,"date":"2025-03-25T14:07:45","date_gmt":"2025-03-25T13:07:45","guid":{"rendered":"http:\/\/tfpwkzx.cluster100.hosting.ovh.net\/?page_id=43"},"modified":"2025-03-25T14:07:45","modified_gmt":"2025-03-25T13:07:45","slug":"granice","status":"publish","type":"page","link":"http:\/\/tfpwkzx.cluster100.hosting.ovh.net\/index.php\/granice\/","title":{"rendered":"granice"},"content":{"rendered":"\n<figure class=\"wp-block-image size-large\"><img loading=\"lazy\" decoding=\"async\" width=\"1024\" height=\"742\" src=\"http:\/\/tfpwkzx.cluster100.hosting.ovh.net\/wp-content\/uploads\/2025\/03\/Katarzyna_Bogusz_Granica_2016_1-1-1024x742.jpg\" alt=\"\" class=\"wp-image-44\" srcset=\"http:\/\/tfpwkzx.cluster100.hosting.ovh.net\/wp-content\/uploads\/2025\/03\/Katarzyna_Bogusz_Granica_2016_1-1-1024x742.jpg 1024w, http:\/\/tfpwkzx.cluster100.hosting.ovh.net\/wp-content\/uploads\/2025\/03\/Katarzyna_Bogusz_Granica_2016_1-1-300x217.jpg 300w, http:\/\/tfpwkzx.cluster100.hosting.ovh.net\/wp-content\/uploads\/2025\/03\/Katarzyna_Bogusz_Granica_2016_1-1-768x557.jpg 768w, http:\/\/tfpwkzx.cluster100.hosting.ovh.net\/wp-content\/uploads\/2025\/03\/Katarzyna_Bogusz_Granica_2016_1-1-1536x1113.jpg 1536w, http:\/\/tfpwkzx.cluster100.hosting.ovh.net\/wp-content\/uploads\/2025\/03\/Katarzyna_Bogusz_Granica_2016_1-1.jpg 2048w\" sizes=\"auto, (max-width: 706px) 89vw, (max-width: 767px) 82vw, 740px\" \/><\/figure>\n\n\n\n<p><\/p>\n\n\n\n<figure class=\"wp-block-image size-large\"><img loading=\"lazy\" decoding=\"async\" width=\"1024\" height=\"742\" src=\"http:\/\/tfpwkzx.cluster100.hosting.ovh.net\/wp-content\/uploads\/2025\/03\/Katarzyna_Bogusz_Granica_2016_2-1-1024x742.jpg\" alt=\"\" class=\"wp-image-45\" srcset=\"http:\/\/tfpwkzx.cluster100.hosting.ovh.net\/wp-content\/uploads\/2025\/03\/Katarzyna_Bogusz_Granica_2016_2-1-1024x742.jpg 1024w, http:\/\/tfpwkzx.cluster100.hosting.ovh.net\/wp-content\/uploads\/2025\/03\/Katarzyna_Bogusz_Granica_2016_2-1-300x217.jpg 300w, http:\/\/tfpwkzx.cluster100.hosting.ovh.net\/wp-content\/uploads\/2025\/03\/Katarzyna_Bogusz_Granica_2016_2-1-768x557.jpg 768w, http:\/\/tfpwkzx.cluster100.hosting.ovh.net\/wp-content\/uploads\/2025\/03\/Katarzyna_Bogusz_Granica_2016_2-1-1536x1113.jpg 1536w, http:\/\/tfpwkzx.cluster100.hosting.ovh.net\/wp-content\/uploads\/2025\/03\/Katarzyna_Bogusz_Granica_2016_2-1.jpg 2048w\" sizes=\"auto, (max-width: 706px) 89vw, (max-width: 767px) 82vw, 740px\" \/><\/figure>\n\n\n\n<p><\/p>\n\n\n\n<p>Praca jest pr\u00f3b\u0105 przyjrzenia si\u0119 sztucznie stwarzanym, umownym i symbolicznym granicom. To, co stanowi oczywist\u0105 percepcyjnie barier\u0119 ludzk\u0105, cz\u0119sto stanowi niedostrzegalny problem w \u015bwiecie innych istot. Refleksja na temat percepcji, przenosi si\u0119 tak\u017ce na wymiar symbolicznego prawa w\u0142asno\u015bci, wydzielania i grodzenia przestrzeni, kt\u00f3ra zaczyna funkcjonowa\u0107 odt\u0105d jako \u201eteren prywatny\u201d, ale przede wszystkim \u2013 zderzania si\u0119 z barierami, dziel\u0105c u\u017cytkownik\u00f3w przestrzeni. Transparentna granica, to nadal granica.<\/p>\n\n\n\n<p>Instalacj\u0119 malarsk\u0105 uzupe\u0142nia badanie przestrzeni za pomoc\u0105 echolokacji. Zestaw d\u017awi\u0119k\u00f3w, osadza nas w zajmowanej przestrzeni, w kt\u00f3rej zmys\u0142 wzroku staje si\u0119 niewystarczaj\u0105cy.<\/p>\n\n\n\n<p><em>Granice<\/em>, akryl na \u015bcianie, d\u017awi\u0119k (p\u0119tla), Pozna\u0144 2016<\/p>\n","protected":false},"excerpt":{"rendered":"<p>Praca jest pr\u00f3b\u0105 przyjrzenia si\u0119 sztucznie stwarzanym, umownym i symbolicznym granicom. To, co stanowi oczywist\u0105 percepcyjnie barier\u0119 ludzk\u0105, cz\u0119sto stanowi niedostrzegalny problem w \u015bwiecie innych istot. Refleksja na temat percepcji, przenosi si\u0119 tak\u017ce na wymiar symbolicznego prawa w\u0142asno\u015bci, wydzielania i grodzenia przestrzeni, kt\u00f3ra zaczyna funkcjonowa\u0107 odt\u0105d jako \u201eteren prywatny\u201d, ale przede wszystkim \u2013 zderzania si\u0119 &hellip; <\/p>\n<p class=\"link-more\"><a href=\"http:\/\/tfpwkzx.cluster100.hosting.ovh.net\/index.php\/granice\/\" class=\"more-link\">Czytaj dalej<span class=\"screen-reader-text\"> \u201egranice\u201d<\/span><\/a><\/p>\n","protected":false},"author":1,"featured_media":0,"parent":0,"menu_order":0,"comment_status":"closed","ping_status":"closed","template":"","meta":{"footnotes":""},"class_list":["post-43","page","type-page","status-publish","hentry"],"_links":{"self":[{"href":"http:\/\/tfpwkzx.cluster100.hosting.ovh.net\/index.php\/wp-json\/wp\/v2\/pages\/43","targetHints":{"allow":["GET"]}}],"collection":[{"href":"http:\/\/tfpwkzx.cluster100.hosting.ovh.net\/index.php\/wp-json\/wp\/v2\/pages"}],"about":[{"href":"http:\/\/tfpwkzx.cluster100.hosting.ovh.net\/index.php\/wp-json\/wp\/v2\/types\/page"}],"author":[{"embeddable":true,"href":"http:\/\/tfpwkzx.cluster100.hosting.ovh.net\/index.php\/wp-json\/wp\/v2\/users\/1"}],"replies":[{"embeddable":true,"href":"http:\/\/tfpwkzx.cluster100.hosting.ovh.net\/index.php\/wp-json\/wp\/v2\/comments?post=43"}],"version-history":[{"count":1,"href":"http:\/\/tfpwkzx.cluster100.hosting.ovh.net\/index.php\/wp-json\/wp\/v2\/pages\/43\/revisions"}],"predecessor-version":[{"id":47,"href":"http:\/\/tfpwkzx.cluster100.hosting.ovh.net\/index.php\/wp-json\/wp\/v2\/pages\/43\/revisions\/47"}],"wp:attachment":[{"href":"http:\/\/tfpwkzx.cluster100.hosting.ovh.net\/index.php\/wp-json\/wp\/v2\/media?parent=43"}],"curies":[{"name":"wp","href":"https:\/\/api.w.org\/{rel}","templated":true}]}}