{"id":49,"date":"2025-03-25T14:18:20","date_gmt":"2025-03-25T13:18:20","guid":{"rendered":"http:\/\/tfpwkzx.cluster100.hosting.ovh.net\/?page_id=49"},"modified":"2025-03-25T14:18:20","modified_gmt":"2025-03-25T13:18:20","slug":"traumen","status":"publish","type":"page","link":"http:\/\/tfpwkzx.cluster100.hosting.ovh.net\/index.php\/traumen\/","title":{"rendered":"t(r\u00e4um)en"},"content":{"rendered":"\n<figure class=\"wp-block-image size-large\"><img loading=\"lazy\" decoding=\"async\" width=\"683\" height=\"1024\" src=\"http:\/\/tfpwkzx.cluster100.hosting.ovh.net\/wp-content\/uploads\/2025\/03\/Katarzyna_Bogusz_Traumen_2015_1-1-683x1024.jpg\" alt=\"\" class=\"wp-image-50\" srcset=\"http:\/\/tfpwkzx.cluster100.hosting.ovh.net\/wp-content\/uploads\/2025\/03\/Katarzyna_Bogusz_Traumen_2015_1-1-683x1024.jpg 683w, http:\/\/tfpwkzx.cluster100.hosting.ovh.net\/wp-content\/uploads\/2025\/03\/Katarzyna_Bogusz_Traumen_2015_1-1-200x300.jpg 200w, http:\/\/tfpwkzx.cluster100.hosting.ovh.net\/wp-content\/uploads\/2025\/03\/Katarzyna_Bogusz_Traumen_2015_1-1-768x1152.jpg 768w, http:\/\/tfpwkzx.cluster100.hosting.ovh.net\/wp-content\/uploads\/2025\/03\/Katarzyna_Bogusz_Traumen_2015_1-1-1024x1536.jpg 1024w, http:\/\/tfpwkzx.cluster100.hosting.ovh.net\/wp-content\/uploads\/2025\/03\/Katarzyna_Bogusz_Traumen_2015_1-1.jpg 1365w\" sizes=\"auto, (max-width: 683px) 100vw, 683px\" \/><\/figure>\n\n\n\n<p><\/p>\n\n\n\n<p><\/p>\n\n\n\n<p class=\"has-text-align-right has-small-font-size\"><em>Was ich in deinen Tr\u00e4umen suche?<br>Ich suche nichts<br>Ich r\u00e4ume auf<\/em><\/p>\n\n\n\n<p class=\"has-text-align-right has-small-font-size\"> <br><em>Grundst\u00fcck<\/em>, Blixa Bargeld<\/p>\n\n\n\n<p><\/p>\n\n\n\n<p><\/p>\n\n\n\n<figure class=\"wp-block-image size-large\"><img loading=\"lazy\" decoding=\"async\" width=\"1024\" height=\"683\" src=\"http:\/\/tfpwkzx.cluster100.hosting.ovh.net\/wp-content\/uploads\/2025\/03\/Katarzyna_Bogusz_Traumen_2015_2-1-1024x683.jpg\" alt=\"\" class=\"wp-image-51\" srcset=\"http:\/\/tfpwkzx.cluster100.hosting.ovh.net\/wp-content\/uploads\/2025\/03\/Katarzyna_Bogusz_Traumen_2015_2-1-1024x683.jpg 1024w, http:\/\/tfpwkzx.cluster100.hosting.ovh.net\/wp-content\/uploads\/2025\/03\/Katarzyna_Bogusz_Traumen_2015_2-1-300x200.jpg 300w, http:\/\/tfpwkzx.cluster100.hosting.ovh.net\/wp-content\/uploads\/2025\/03\/Katarzyna_Bogusz_Traumen_2015_2-1-768x512.jpg 768w, http:\/\/tfpwkzx.cluster100.hosting.ovh.net\/wp-content\/uploads\/2025\/03\/Katarzyna_Bogusz_Traumen_2015_2-1-1536x1024.jpg 1536w, http:\/\/tfpwkzx.cluster100.hosting.ovh.net\/wp-content\/uploads\/2025\/03\/Katarzyna_Bogusz_Traumen_2015_2-1.jpg 2048w\" sizes=\"auto, (max-width: 706px) 89vw, (max-width: 767px) 82vw, 740px\" \/><\/figure>\n\n\n\n<p><\/p>\n\n\n\n<figure class=\"wp-block-image size-large\"><img loading=\"lazy\" decoding=\"async\" width=\"1024\" height=\"683\" src=\"http:\/\/tfpwkzx.cluster100.hosting.ovh.net\/wp-content\/uploads\/2025\/03\/Katarzyna_Bogusz_Traumen_2015_4-1-1024x683.jpg\" alt=\"\" class=\"wp-image-52\" srcset=\"http:\/\/tfpwkzx.cluster100.hosting.ovh.net\/wp-content\/uploads\/2025\/03\/Katarzyna_Bogusz_Traumen_2015_4-1-1024x683.jpg 1024w, http:\/\/tfpwkzx.cluster100.hosting.ovh.net\/wp-content\/uploads\/2025\/03\/Katarzyna_Bogusz_Traumen_2015_4-1-300x200.jpg 300w, http:\/\/tfpwkzx.cluster100.hosting.ovh.net\/wp-content\/uploads\/2025\/03\/Katarzyna_Bogusz_Traumen_2015_4-1-768x512.jpg 768w, http:\/\/tfpwkzx.cluster100.hosting.ovh.net\/wp-content\/uploads\/2025\/03\/Katarzyna_Bogusz_Traumen_2015_4-1-1536x1024.jpg 1536w, http:\/\/tfpwkzx.cluster100.hosting.ovh.net\/wp-content\/uploads\/2025\/03\/Katarzyna_Bogusz_Traumen_2015_4-1.jpg 2048w\" sizes=\"auto, (max-width: 706px) 89vw, (max-width: 767px) 82vw, 740px\" \/><\/figure>\n\n\n\n<figure class=\"wp-block-image size-large\"><img loading=\"lazy\" decoding=\"async\" width=\"1024\" height=\"680\" src=\"http:\/\/tfpwkzx.cluster100.hosting.ovh.net\/wp-content\/uploads\/2025\/03\/Katarzyna_Bogusz_Traumen_2015_3-1-1024x680.jpg\" alt=\"\" class=\"wp-image-53\" srcset=\"http:\/\/tfpwkzx.cluster100.hosting.ovh.net\/wp-content\/uploads\/2025\/03\/Katarzyna_Bogusz_Traumen_2015_3-1-1024x680.jpg 1024w, http:\/\/tfpwkzx.cluster100.hosting.ovh.net\/wp-content\/uploads\/2025\/03\/Katarzyna_Bogusz_Traumen_2015_3-1-300x199.jpg 300w, http:\/\/tfpwkzx.cluster100.hosting.ovh.net\/wp-content\/uploads\/2025\/03\/Katarzyna_Bogusz_Traumen_2015_3-1-768x510.jpg 768w, http:\/\/tfpwkzx.cluster100.hosting.ovh.net\/wp-content\/uploads\/2025\/03\/Katarzyna_Bogusz_Traumen_2015_3-1-1536x1020.jpg 1536w, http:\/\/tfpwkzx.cluster100.hosting.ovh.net\/wp-content\/uploads\/2025\/03\/Katarzyna_Bogusz_Traumen_2015_3-1.jpg 2048w\" sizes=\"auto, (max-width: 706px) 89vw, (max-width: 767px) 82vw, 740px\" \/><\/figure>\n\n\n\n<figure class=\"wp-block-image size-full\"><img loading=\"lazy\" decoding=\"async\" width=\"1024\" height=\"683\" src=\"http:\/\/tfpwkzx.cluster100.hosting.ovh.net\/wp-content\/uploads\/2025\/03\/Katarzyna_Bogusz_Traumen_2015_5-1.jpg\" alt=\"\" class=\"wp-image-54\" srcset=\"http:\/\/tfpwkzx.cluster100.hosting.ovh.net\/wp-content\/uploads\/2025\/03\/Katarzyna_Bogusz_Traumen_2015_5-1.jpg 1024w, http:\/\/tfpwkzx.cluster100.hosting.ovh.net\/wp-content\/uploads\/2025\/03\/Katarzyna_Bogusz_Traumen_2015_5-1-300x200.jpg 300w, http:\/\/tfpwkzx.cluster100.hosting.ovh.net\/wp-content\/uploads\/2025\/03\/Katarzyna_Bogusz_Traumen_2015_5-1-768x512.jpg 768w\" sizes=\"auto, (max-width: 706px) 89vw, (max-width: 767px) 82vw, 740px\" \/><\/figure>\n\n\n\n<p>Praca jest efektem p\u00f3\u0142rocznej obecno\u015bci w przestrzeni starej rze\u017ani i konfrontacj\u0105 z prywatnym wstrz\u0105sem. W ci\u0105gu tego czasu, przestrze\u0144 nieustannie si\u0119 zmienia\u0142a, za\u015b \u015blady tych zmian, zosta\u0142y skrupulatnie zapisywane w formie tworz\u0105cych si\u0119 cieni, za pomoc\u0105 kurzu zastanego w przestrzeni.&nbsp;<em>T(r\u00e4um)en<\/em>&nbsp;stanowi pr\u00f3b\u0119 powrotu do r\u00f3wnowagi poprzez porz\u0105dkowanie i redukcj\u0119, a tak\u017ce przyjrzenia si\u0119 mechanizmom poczucia kontroli i odpuszczania na drodze powrotnej do w\u0142asnego, utraconego raju.<\/p>\n\n\n\n<p><em>T(r\u00e4um)en<\/em>, instalacja site specific, rysunek kurzem zastanym w przestrzeni, ksi\u0105\u017cka 30cm x 35cm, 30 stron, stara rze\u017ania, Pozna\u0144 2015<\/p>\n","protected":false},"excerpt":{"rendered":"<p>Was ich in deinen Tr\u00e4umen suche?Ich suche nichtsIch r\u00e4ume auf Grundst\u00fcck, Blixa Bargeld Praca jest efektem p\u00f3\u0142rocznej obecno\u015bci w przestrzeni starej rze\u017ani i konfrontacj\u0105 z prywatnym wstrz\u0105sem. W ci\u0105gu tego czasu, przestrze\u0144 nieustannie si\u0119 zmienia\u0142a, za\u015b \u015blady tych zmian, zosta\u0142y skrupulatnie zapisywane w formie tworz\u0105cych si\u0119 cieni, za pomoc\u0105 kurzu zastanego w przestrzeni.&nbsp;T(r\u00e4um)en&nbsp;stanowi pr\u00f3b\u0119 powrotu &hellip; <\/p>\n<p class=\"link-more\"><a href=\"http:\/\/tfpwkzx.cluster100.hosting.ovh.net\/index.php\/traumen\/\" class=\"more-link\">Czytaj dalej<span class=\"screen-reader-text\"> \u201et(r\u00e4um)en\u201d<\/span><\/a><\/p>\n","protected":false},"author":1,"featured_media":0,"parent":0,"menu_order":0,"comment_status":"closed","ping_status":"closed","template":"","meta":{"footnotes":""},"class_list":["post-49","page","type-page","status-publish","hentry"],"_links":{"self":[{"href":"http:\/\/tfpwkzx.cluster100.hosting.ovh.net\/index.php\/wp-json\/wp\/v2\/pages\/49","targetHints":{"allow":["GET"]}}],"collection":[{"href":"http:\/\/tfpwkzx.cluster100.hosting.ovh.net\/index.php\/wp-json\/wp\/v2\/pages"}],"about":[{"href":"http:\/\/tfpwkzx.cluster100.hosting.ovh.net\/index.php\/wp-json\/wp\/v2\/types\/page"}],"author":[{"embeddable":true,"href":"http:\/\/tfpwkzx.cluster100.hosting.ovh.net\/index.php\/wp-json\/wp\/v2\/users\/1"}],"replies":[{"embeddable":true,"href":"http:\/\/tfpwkzx.cluster100.hosting.ovh.net\/index.php\/wp-json\/wp\/v2\/comments?post=49"}],"version-history":[{"count":1,"href":"http:\/\/tfpwkzx.cluster100.hosting.ovh.net\/index.php\/wp-json\/wp\/v2\/pages\/49\/revisions"}],"predecessor-version":[{"id":56,"href":"http:\/\/tfpwkzx.cluster100.hosting.ovh.net\/index.php\/wp-json\/wp\/v2\/pages\/49\/revisions\/56"}],"wp:attachment":[{"href":"http:\/\/tfpwkzx.cluster100.hosting.ovh.net\/index.php\/wp-json\/wp\/v2\/media?parent=49"}],"curies":[{"name":"wp","href":"https:\/\/api.w.org\/{rel}","templated":true}]}}