{"id":58,"date":"2025-03-25T14:21:26","date_gmt":"2025-03-25T13:21:26","guid":{"rendered":"http:\/\/tfpwkzx.cluster100.hosting.ovh.net\/?page_id=58"},"modified":"2025-03-26T11:20:31","modified_gmt":"2025-03-26T10:20:31","slug":"inny","status":"publish","type":"page","link":"http:\/\/tfpwkzx.cluster100.hosting.ovh.net\/index.php\/inny\/","title":{"rendered":"inny"},"content":{"rendered":"\n<figure class=\"wp-block-image size-large\"><img loading=\"lazy\" decoding=\"async\" width=\"683\" height=\"1024\" src=\"http:\/\/tfpwkzx.cluster100.hosting.ovh.net\/wp-content\/uploads\/2025\/03\/Katarzyna_Bogusz_Inny_2016_1-683x1024.jpg\" alt=\"\" class=\"wp-image-239\" srcset=\"http:\/\/tfpwkzx.cluster100.hosting.ovh.net\/wp-content\/uploads\/2025\/03\/Katarzyna_Bogusz_Inny_2016_1-683x1024.jpg 683w, http:\/\/tfpwkzx.cluster100.hosting.ovh.net\/wp-content\/uploads\/2025\/03\/Katarzyna_Bogusz_Inny_2016_1-200x300.jpg 200w, http:\/\/tfpwkzx.cluster100.hosting.ovh.net\/wp-content\/uploads\/2025\/03\/Katarzyna_Bogusz_Inny_2016_1-768x1152.jpg 768w, http:\/\/tfpwkzx.cluster100.hosting.ovh.net\/wp-content\/uploads\/2025\/03\/Katarzyna_Bogusz_Inny_2016_1-1024x1536.jpg 1024w, http:\/\/tfpwkzx.cluster100.hosting.ovh.net\/wp-content\/uploads\/2025\/03\/Katarzyna_Bogusz_Inny_2016_1.jpg 1365w\" sizes=\"auto, (max-width: 683px) 100vw, 683px\" \/><figcaption class=\"wp-element-caption\"><em>instalacja site specific, fotografia 100cm x 70cm<\/em><\/figcaption><\/figure>\n\n\n\n<figure class=\"wp-block-image size-large\"><img loading=\"lazy\" decoding=\"async\" width=\"467\" height=\"1024\" src=\"http:\/\/tfpwkzx.cluster100.hosting.ovh.net\/wp-content\/uploads\/2025\/03\/Katarzyna_Bogusz_Inny_2016_2-1-467x1024.jpg\" alt=\"\" class=\"wp-image-59\" srcset=\"http:\/\/tfpwkzx.cluster100.hosting.ovh.net\/wp-content\/uploads\/2025\/03\/Katarzyna_Bogusz_Inny_2016_2-1-467x1024.jpg 467w, http:\/\/tfpwkzx.cluster100.hosting.ovh.net\/wp-content\/uploads\/2025\/03\/Katarzyna_Bogusz_Inny_2016_2-1-137x300.jpg 137w, http:\/\/tfpwkzx.cluster100.hosting.ovh.net\/wp-content\/uploads\/2025\/03\/Katarzyna_Bogusz_Inny_2016_2-1-768x1684.jpg 768w, http:\/\/tfpwkzx.cluster100.hosting.ovh.net\/wp-content\/uploads\/2025\/03\/Katarzyna_Bogusz_Inny_2016_2-1-701x1536.jpg 701w, http:\/\/tfpwkzx.cluster100.hosting.ovh.net\/wp-content\/uploads\/2025\/03\/Katarzyna_Bogusz_Inny_2016_2-1.jpg 934w\" sizes=\"auto, (max-width: 467px) 100vw, 467px\" \/><\/figure>\n\n\n\n<figure class=\"wp-block-image size-large\"><img loading=\"lazy\" decoding=\"async\" width=\"683\" height=\"1024\" src=\"http:\/\/tfpwkzx.cluster100.hosting.ovh.net\/wp-content\/uploads\/2025\/03\/Katarzyna_Bogusz_Inny_2016_3-1-683x1024.jpg\" alt=\"\" class=\"wp-image-60\" srcset=\"http:\/\/tfpwkzx.cluster100.hosting.ovh.net\/wp-content\/uploads\/2025\/03\/Katarzyna_Bogusz_Inny_2016_3-1-683x1024.jpg 683w, http:\/\/tfpwkzx.cluster100.hosting.ovh.net\/wp-content\/uploads\/2025\/03\/Katarzyna_Bogusz_Inny_2016_3-1-200x300.jpg 200w, http:\/\/tfpwkzx.cluster100.hosting.ovh.net\/wp-content\/uploads\/2025\/03\/Katarzyna_Bogusz_Inny_2016_3-1-768x1152.jpg 768w, http:\/\/tfpwkzx.cluster100.hosting.ovh.net\/wp-content\/uploads\/2025\/03\/Katarzyna_Bogusz_Inny_2016_3-1-1024x1536.jpg 1024w, http:\/\/tfpwkzx.cluster100.hosting.ovh.net\/wp-content\/uploads\/2025\/03\/Katarzyna_Bogusz_Inny_2016_3-1.jpg 1365w\" sizes=\"auto, (max-width: 683px) 100vw, 683px\" \/><figcaption class=\"wp-element-caption\"><em>instalacja site specific, tapeta 330cm x 180cm, hubiak pospolity fotografia<\/em><\/figcaption><\/figure>\n\n\n\n<p>Nieu\u015bwiadomione i nie-ludzkie wdziera si\u0119 do skonstruowanego przez nas obrazu \u015bwiata. Pomimo trudno\u015bci, wrasta w rzeczywisto\u015b\u0107, w kt\u00f3rej \u017cyjemy. Nie dzieje si\u0119 to jednak bez konsekwencji. Ka\u017cda zmiana, tworzy nowotw\u00f3r na poziomie obrazu, kt\u00f3ry mutuje, powoli rozsadzaj\u0105c materi\u0119 od wewn\u0105trz.<\/p>\n\n\n\n<p><em>Inny<\/em>, Pozna\u0144 2016<\/p>\n","protected":false},"excerpt":{"rendered":"<p>Nieu\u015bwiadomione i nie-ludzkie wdziera si\u0119 do skonstruowanego przez nas obrazu \u015bwiata. Pomimo trudno\u015bci, wrasta w rzeczywisto\u015b\u0107, w kt\u00f3rej \u017cyjemy. Nie dzieje si\u0119 to jednak bez konsekwencji. Ka\u017cda zmiana, tworzy nowotw\u00f3r na poziomie obrazu, kt\u00f3ry mutuje, powoli rozsadzaj\u0105c materi\u0119 od wewn\u0105trz. Inny, Pozna\u0144 2016<\/p>\n","protected":false},"author":1,"featured_media":0,"parent":0,"menu_order":0,"comment_status":"closed","ping_status":"closed","template":"","meta":{"footnotes":""},"class_list":["post-58","page","type-page","status-publish","hentry"],"_links":{"self":[{"href":"http:\/\/tfpwkzx.cluster100.hosting.ovh.net\/index.php\/wp-json\/wp\/v2\/pages\/58","targetHints":{"allow":["GET"]}}],"collection":[{"href":"http:\/\/tfpwkzx.cluster100.hosting.ovh.net\/index.php\/wp-json\/wp\/v2\/pages"}],"about":[{"href":"http:\/\/tfpwkzx.cluster100.hosting.ovh.net\/index.php\/wp-json\/wp\/v2\/types\/page"}],"author":[{"embeddable":true,"href":"http:\/\/tfpwkzx.cluster100.hosting.ovh.net\/index.php\/wp-json\/wp\/v2\/users\/1"}],"replies":[{"embeddable":true,"href":"http:\/\/tfpwkzx.cluster100.hosting.ovh.net\/index.php\/wp-json\/wp\/v2\/comments?post=58"}],"version-history":[{"count":4,"href":"http:\/\/tfpwkzx.cluster100.hosting.ovh.net\/index.php\/wp-json\/wp\/v2\/pages\/58\/revisions"}],"predecessor-version":[{"id":242,"href":"http:\/\/tfpwkzx.cluster100.hosting.ovh.net\/index.php\/wp-json\/wp\/v2\/pages\/58\/revisions\/242"}],"wp:attachment":[{"href":"http:\/\/tfpwkzx.cluster100.hosting.ovh.net\/index.php\/wp-json\/wp\/v2\/media?parent=58"}],"curies":[{"name":"wp","href":"https:\/\/api.w.org\/{rel}","templated":true}]}}