{"id":89,"date":"2025-03-25T14:37:50","date_gmt":"2025-03-25T13:37:50","guid":{"rendered":"http:\/\/tfpwkzx.cluster100.hosting.ovh.net\/?page_id=89"},"modified":"2025-03-25T14:41:33","modified_gmt":"2025-03-25T13:41:33","slug":"profanum","status":"publish","type":"page","link":"http:\/\/tfpwkzx.cluster100.hosting.ovh.net\/index.php\/profanum\/","title":{"rendered":"profanum"},"content":{"rendered":"<div class=\"wp-block-image\">\n<figure class=\"alignright size-full is-resized\"><img loading=\"lazy\" decoding=\"async\" width=\"1240\" height=\"1654\" src=\"http:\/\/tfpwkzx.cluster100.hosting.ovh.net\/wp-content\/uploads\/2025\/03\/Katarzyna_Bogusz_Profanum_2023_plakat-1.jpg\" alt=\"\" class=\"wp-image-91\" style=\"width:469px;height:auto\" srcset=\"http:\/\/tfpwkzx.cluster100.hosting.ovh.net\/wp-content\/uploads\/2025\/03\/Katarzyna_Bogusz_Profanum_2023_plakat-1.jpg 1240w, http:\/\/tfpwkzx.cluster100.hosting.ovh.net\/wp-content\/uploads\/2025\/03\/Katarzyna_Bogusz_Profanum_2023_plakat-1-225x300.jpg 225w, http:\/\/tfpwkzx.cluster100.hosting.ovh.net\/wp-content\/uploads\/2025\/03\/Katarzyna_Bogusz_Profanum_2023_plakat-1-768x1024.jpg 768w, http:\/\/tfpwkzx.cluster100.hosting.ovh.net\/wp-content\/uploads\/2025\/03\/Katarzyna_Bogusz_Profanum_2023_plakat-1-1152x1536.jpg 1152w\" sizes=\"auto, (max-width: 706px) 89vw, (max-width: 767px) 82vw, 740px\" \/><figcaption class=\"wp-element-caption\">   <\/figcaption><\/figure>\n<\/div>\n\n\n<p><\/p>\n\n\n\n<p><\/p>\n\n\n\n<p><\/p>\n\n\n\n<p><\/p>\n\n\n\n<figure class=\"wp-block-image size-large\"><img loading=\"lazy\" decoding=\"async\" width=\"1024\" height=\"683\" src=\"http:\/\/tfpwkzx.cluster100.hosting.ovh.net\/wp-content\/uploads\/2025\/03\/Katarzyna_Bogusz_Profanum_2023_1-1-1024x683.jpg\" alt=\"\" class=\"wp-image-90\" srcset=\"http:\/\/tfpwkzx.cluster100.hosting.ovh.net\/wp-content\/uploads\/2025\/03\/Katarzyna_Bogusz_Profanum_2023_1-1-1024x683.jpg 1024w, http:\/\/tfpwkzx.cluster100.hosting.ovh.net\/wp-content\/uploads\/2025\/03\/Katarzyna_Bogusz_Profanum_2023_1-1-300x200.jpg 300w, http:\/\/tfpwkzx.cluster100.hosting.ovh.net\/wp-content\/uploads\/2025\/03\/Katarzyna_Bogusz_Profanum_2023_1-1-768x512.jpg 768w, http:\/\/tfpwkzx.cluster100.hosting.ovh.net\/wp-content\/uploads\/2025\/03\/Katarzyna_Bogusz_Profanum_2023_1-1-1536x1024.jpg 1536w, http:\/\/tfpwkzx.cluster100.hosting.ovh.net\/wp-content\/uploads\/2025\/03\/Katarzyna_Bogusz_Profanum_2023_1-1-2048x1366.jpg 2048w\" sizes=\"auto, (max-width: 706px) 89vw, (max-width: 767px) 82vw, 740px\" \/><\/figure>\n\n\n\n<figure class=\"wp-block-image size-large\"><img loading=\"lazy\" decoding=\"async\" width=\"683\" height=\"1024\" src=\"http:\/\/tfpwkzx.cluster100.hosting.ovh.net\/wp-content\/uploads\/2025\/03\/Katarzyna_Bogusz_Profanum_2023_2-1-683x1024.jpg\" alt=\"\" class=\"wp-image-92\" srcset=\"http:\/\/tfpwkzx.cluster100.hosting.ovh.net\/wp-content\/uploads\/2025\/03\/Katarzyna_Bogusz_Profanum_2023_2-1-683x1024.jpg 683w, http:\/\/tfpwkzx.cluster100.hosting.ovh.net\/wp-content\/uploads\/2025\/03\/Katarzyna_Bogusz_Profanum_2023_2-1-200x300.jpg 200w, http:\/\/tfpwkzx.cluster100.hosting.ovh.net\/wp-content\/uploads\/2025\/03\/Katarzyna_Bogusz_Profanum_2023_2-1-768x1152.jpg 768w, http:\/\/tfpwkzx.cluster100.hosting.ovh.net\/wp-content\/uploads\/2025\/03\/Katarzyna_Bogusz_Profanum_2023_2-1-1024x1536.jpg 1024w, http:\/\/tfpwkzx.cluster100.hosting.ovh.net\/wp-content\/uploads\/2025\/03\/Katarzyna_Bogusz_Profanum_2023_2-1-1366x2048.jpg 1366w, http:\/\/tfpwkzx.cluster100.hosting.ovh.net\/wp-content\/uploads\/2025\/03\/Katarzyna_Bogusz_Profanum_2023_2-1.jpg 1575w\" sizes=\"auto, (max-width: 683px) 100vw, 683px\" \/><\/figure>\n\n\n\n<figure class=\"wp-block-image size-large\"><img loading=\"lazy\" decoding=\"async\" width=\"683\" height=\"1024\" src=\"http:\/\/tfpwkzx.cluster100.hosting.ovh.net\/wp-content\/uploads\/2025\/03\/Katarzyna_Bogusz_Profanum_2023_3-1-683x1024.jpg\" alt=\"\" class=\"wp-image-93\" srcset=\"http:\/\/tfpwkzx.cluster100.hosting.ovh.net\/wp-content\/uploads\/2025\/03\/Katarzyna_Bogusz_Profanum_2023_3-1-683x1024.jpg 683w, http:\/\/tfpwkzx.cluster100.hosting.ovh.net\/wp-content\/uploads\/2025\/03\/Katarzyna_Bogusz_Profanum_2023_3-1-200x300.jpg 200w, http:\/\/tfpwkzx.cluster100.hosting.ovh.net\/wp-content\/uploads\/2025\/03\/Katarzyna_Bogusz_Profanum_2023_3-1-768x1152.jpg 768w, http:\/\/tfpwkzx.cluster100.hosting.ovh.net\/wp-content\/uploads\/2025\/03\/Katarzyna_Bogusz_Profanum_2023_3-1-1024x1536.jpg 1024w, http:\/\/tfpwkzx.cluster100.hosting.ovh.net\/wp-content\/uploads\/2025\/03\/Katarzyna_Bogusz_Profanum_2023_3-1-1366x2048.jpg 1366w, http:\/\/tfpwkzx.cluster100.hosting.ovh.net\/wp-content\/uploads\/2025\/03\/Katarzyna_Bogusz_Profanum_2023_3-1.jpg 1575w\" sizes=\"auto, (max-width: 683px) 100vw, 683px\" \/><\/figure>\n\n\n\n<figure class=\"wp-block-image size-large\"><img loading=\"lazy\" decoding=\"async\" width=\"683\" height=\"1024\" src=\"http:\/\/tfpwkzx.cluster100.hosting.ovh.net\/wp-content\/uploads\/2025\/03\/Katarzyna_Bogusz_Profanum_2023_4-1-683x1024.jpg\" alt=\"\" class=\"wp-image-94\" srcset=\"http:\/\/tfpwkzx.cluster100.hosting.ovh.net\/wp-content\/uploads\/2025\/03\/Katarzyna_Bogusz_Profanum_2023_4-1-683x1024.jpg 683w, http:\/\/tfpwkzx.cluster100.hosting.ovh.net\/wp-content\/uploads\/2025\/03\/Katarzyna_Bogusz_Profanum_2023_4-1-200x300.jpg 200w, http:\/\/tfpwkzx.cluster100.hosting.ovh.net\/wp-content\/uploads\/2025\/03\/Katarzyna_Bogusz_Profanum_2023_4-1-768x1152.jpg 768w, http:\/\/tfpwkzx.cluster100.hosting.ovh.net\/wp-content\/uploads\/2025\/03\/Katarzyna_Bogusz_Profanum_2023_4-1-1024x1536.jpg 1024w, http:\/\/tfpwkzx.cluster100.hosting.ovh.net\/wp-content\/uploads\/2025\/03\/Katarzyna_Bogusz_Profanum_2023_4-1-1366x2048.jpg 1366w, http:\/\/tfpwkzx.cluster100.hosting.ovh.net\/wp-content\/uploads\/2025\/03\/Katarzyna_Bogusz_Profanum_2023_4-1.jpg 1575w\" sizes=\"auto, (max-width: 683px) 100vw, 683px\" \/><\/figure>\n\n\n\n<p><\/p>\n\n\n\n<p>Dotyk, najbardziej pierwotny i najbli\u017cszy cia\u0142u zmys\u0142, stanowi moment zetkni\u0119cia, wymian\u0119. Bada rzeczywisto\u015b\u0107 za pomoc\u0105 nacisku. Nie umie oszukiwa\u0107. Jest rodzajem pisma cia\u0142a. Naznacza i brudzi. Dopu\u015bci\u0107 do dotkni\u0119cia, to wystawi\u0107 na u\u017cycie, sprofanowa\u0107 niedost\u0119pne wcze\u015bniej sacrum. Przekroczenie progu kontaktu stanowi zdj\u0119cie cenzury. Dotkni\u0119te zostaje zneutralizowane, poznane, traci aur\u0119 w\u0142adzy zakazu. Co dzieje si\u0119 jednak w momencie, gdy wszystko jest dozwolone? W kapitalizmie, sacrum i profanum zlewaj\u0105 si\u0119 w jedno.<\/p>\n\n\n\n<p>Jak dotykaj\u0105 nas obrazy? Czy gdy oczy otwieraj\u0105 si\u0119 coraz szerzej, mamy jeszcze kontrol\u0119 nad tym, na co patrzymy? Co dzieje si\u0119, gdy tak obecne w przestrzeni publicznej widzenie, jest mo\u017cliwe tylko za pomoc\u0105 dotyku? Bezu\u017cyteczno\u015b\u0107, tak obecna w kapitalistycznej nadprodukcji przedmiot\u00f3w, pozbawia nas celowo\u015bci dotyku. Czy mo\u017cna profanowa\u0107 to, czego nie da si\u0119 ju\u017c sprofanowa\u0107? W kr\u00f3tkim eseju Kapitalizm jako religia, Walter Benjamin rozwa\u017ca utowarowienie jako form\u0119 kultow\u0105. Nieustann\u0105 prac\u0119 jako form\u0119 obrz\u0119du, nap\u0119dzan\u0105 st\u0142umionym poczuciem winy. Ci\u0105g\u0142y wzrost spo\u0142ecznego nienasycenia upowszechnia nastr\u00f3j bezcelowo\u015bci. To, co \u015bwiadomie obna\u017cone, staje si\u0119 oboj\u0119tne. Prezentowane prace, pr\u00f3buj\u0105 przybli\u017cy\u0107 wsp\u00f3\u0142czesne, ekonomiczne formy kultu. Zawieszony na \u015bcianie tr\u00f3jk\u0105t, s\u0142u\u017c\u0105cy do haptycznej identyfikacji banknotu 200-z\u0142otowego, przeistacza si\u0119 w emanacj\u0119 dawnego, boskiego sacrum. Wykonany ze zniszczonych banknot\u00f3w, dopiero w \u015bwietle UV ukazuje esencj\u0119 podzia\u0142u na prawd\u0119 i fa\u0142sz. U\u0142o\u017cone na pod\u0142odze galerii \u015bcie\u017cki, s\u0142u\u017c\u0105ce do wyznaczania bezpiecznej trasy dla os\u00f3b niewidomych, w tym uj\u0119ciu, stanowi\u0105 pu\u0142apk\u0119 systemu, mo\u017cliwe do wyczucia spo\u0142eczne nier\u00f3wno\u015bci. Wykonane z jednogrosz\u00f3wek \u2013 monet wrzucanych do fontann \u201ena szcz\u0119\u015bcie\u201d \u2013 stanowi\u0105 form\u0119 zap\u0142aty za wypowiadane \u017cyczenia. Prowadz\u0105 do centrum \u2013 wsp\u00f3\u0142czesnej&nbsp;<em>fons vitae<\/em>&nbsp;\u2013 kojarzonej g\u0142\u00f3wnie z luksusowymi przyj\u0119ciami fontanny z czekolady. Przep\u0142ywaj\u0105ca w niej masa nie jest jednak przypadkowa, stanowi s\u0142odycz sennej nie\u015bwiadomo\u015bci, przetopione czekoladowe monety.<\/p>\n\n\n\n<p><em>Profanum<\/em>, instalacja site specific z jednogrosz\u00f3wek, fontanna z czekolady, obiekt ze zniszczonych banknot\u00f3w, \u015bwiat\u0142o UV, IP Studio, Wroc\u0142aw 2023.<\/p>\n\n\n\n<p><\/p>\n","protected":false},"excerpt":{"rendered":"<p>Dotyk, najbardziej pierwotny i najbli\u017cszy cia\u0142u zmys\u0142, stanowi moment zetkni\u0119cia, wymian\u0119. Bada rzeczywisto\u015b\u0107 za pomoc\u0105 nacisku. Nie umie oszukiwa\u0107. Jest rodzajem pisma cia\u0142a. Naznacza i brudzi. Dopu\u015bci\u0107 do dotkni\u0119cia, to wystawi\u0107 na u\u017cycie, sprofanowa\u0107 niedost\u0119pne wcze\u015bniej sacrum. Przekroczenie progu kontaktu stanowi zdj\u0119cie cenzury. Dotkni\u0119te zostaje zneutralizowane, poznane, traci aur\u0119 w\u0142adzy zakazu. Co dzieje si\u0119 jednak &hellip; <\/p>\n<p class=\"link-more\"><a href=\"http:\/\/tfpwkzx.cluster100.hosting.ovh.net\/index.php\/profanum\/\" class=\"more-link\">Czytaj dalej<span class=\"screen-reader-text\"> \u201eprofanum\u201d<\/span><\/a><\/p>\n","protected":false},"author":1,"featured_media":0,"parent":0,"menu_order":0,"comment_status":"closed","ping_status":"closed","template":"","meta":{"footnotes":""},"class_list":["post-89","page","type-page","status-publish","hentry"],"_links":{"self":[{"href":"http:\/\/tfpwkzx.cluster100.hosting.ovh.net\/index.php\/wp-json\/wp\/v2\/pages\/89","targetHints":{"allow":["GET"]}}],"collection":[{"href":"http:\/\/tfpwkzx.cluster100.hosting.ovh.net\/index.php\/wp-json\/wp\/v2\/pages"}],"about":[{"href":"http:\/\/tfpwkzx.cluster100.hosting.ovh.net\/index.php\/wp-json\/wp\/v2\/types\/page"}],"author":[{"embeddable":true,"href":"http:\/\/tfpwkzx.cluster100.hosting.ovh.net\/index.php\/wp-json\/wp\/v2\/users\/1"}],"replies":[{"embeddable":true,"href":"http:\/\/tfpwkzx.cluster100.hosting.ovh.net\/index.php\/wp-json\/wp\/v2\/comments?post=89"}],"version-history":[{"count":3,"href":"http:\/\/tfpwkzx.cluster100.hosting.ovh.net\/index.php\/wp-json\/wp\/v2\/pages\/89\/revisions"}],"predecessor-version":[{"id":100,"href":"http:\/\/tfpwkzx.cluster100.hosting.ovh.net\/index.php\/wp-json\/wp\/v2\/pages\/89\/revisions\/100"}],"wp:attachment":[{"href":"http:\/\/tfpwkzx.cluster100.hosting.ovh.net\/index.php\/wp-json\/wp\/v2\/media?parent=89"}],"curies":[{"name":"wp","href":"https:\/\/api.w.org\/{rel}","templated":true}]}}